{"id":44,"date":"2013-09-16T14:31:44","date_gmt":"2013-09-16T11:31:44","guid":{"rendered":"http:\/\/haukotus.net\/kennelkeyword\/?page_id=44"},"modified":"2021-09-14T20:57:11","modified_gmt":"2021-09-14T17:57:11","slug":"pandarellan-asa-rasdotter","status":"publish","type":"page","link":"https:\/\/kennelkeyword.net\/?page_id=44","title":{"rendered":"Pandarellan \u00c5sa Rasdotter"},"content":{"rendered":"<h4>C.I.B FI &amp; SE &amp; EE MVA TLNW-12 RTK2<\/h4>\n<h2>Pandarellan \u00c5sa Rasdotter &nbsp;&#8211; &#8221;<i>Sena&#8221;<\/i><\/h2>\n<p class=\"kuvateksti\">Sile\u00e4karvainen collie narttu, tricolour<a href=\"http:\/\/kennelkeyword.net\/wp-content\/uploads\/2013\/09\/IMG_4865.jpg\"><img loading=\"lazy\" decoding=\"async\" class=\"alignright wp-image-408\" src=\"http:\/\/kennelkeyword.net\/wp-content\/uploads\/2013\/09\/IMG_4865.jpg\" alt=\"IMG_4865\" width=\"300\" height=\"450\" srcset=\"https:\/\/kennelkeyword.net\/wp-content\/uploads\/2013\/09\/IMG_4865.jpg 600w, https:\/\/kennelkeyword.net\/wp-content\/uploads\/2013\/09\/IMG_4865-100x150.jpg 100w, https:\/\/kennelkeyword.net\/wp-content\/uploads\/2013\/09\/IMG_4865-200x300.jpg 200w\" sizes=\"auto, (max-width: 300px) 100vw, 300px\" \/><\/a><br \/>\n25.08.2008 &#8211; 09.04.2021<br \/>\n(Lopetettu virtsarakon kasvaimen alkaessa oireilemaan.)<\/p>\n<p class=\"kuvateksti\"><b>Silm\u00e4t<\/b>: CEA-vapaa\/CEA-vapaa<br \/>\n<b>Lonkat<\/b>: A\/A<br \/>\n<b>Kyyn\u00e4rp\u00e4\u00e4t:<\/b>&nbsp;0\/0<br \/>\n<strong>Kilpirauhanen<\/strong>: normaalit arvot 10\/2013<br \/>\nPoistettu kaksi&nbsp;etuhammasta, katkenneet t\u00f6rm\u00e4yksess\u00e4.<br \/>\nSteriloitu 04\/2017 kohtutulehduksen vuoksi.<\/p>\n<p><b>DNA testit<\/b><br \/>\nMDR1 +\/-<br \/>\nCEA kantaja<br \/>\nDM N\/N (terve)<br \/>\nFGF5 GT&nbsp;(pitk\u00e4karvakantaja)<\/p>\n<p><strong>J\u00e4lkel\u00e4iset<br \/>\n<\/strong>\u00bb&nbsp;<a title=\"P-pennut (4.12.2012)\" href=\"http:\/\/kennelkeyword.net\/?page_id=82\">P-pennut 4.12.2012<br \/>\n<\/a>\u00bb <a href=\"http:\/\/kennelkeyword.net\/?page_id=1215\">S-pennut 18.5.2015<\/a><\/p>\n<p>\u00bb <a href=\"http:\/\/jalostus.kennelliitto.fi\/frmKoira.aspx?RekNo=FIN53560\/08&amp;R=296\" target=\"_blank\" rel=\"noopener noreferrer\">KoiraNet<\/a><br \/>\n\u00bb <a href=\"http:\/\/smooth-collie-database.freehostia.com\/view.php?id=3142\" target=\"_blank\" rel=\"noopener noreferrer\">Smooth Collie Database<br \/>\n<\/a>\u00bb <a href=\"\/gallery2\/v\/koirat\/sena\/\">Kuvagalleria<\/a><\/p>\n<p class=\"kuvateksti\"><a title=\"LT &amp; MH (Sena)\" href=\"http:\/\/kennelkeyword.net\/?page_id=208\">MH suoritettu<\/a><br \/>\n<a title=\"LT &amp; MH (Sena)\" href=\"http:\/\/kennelkeyword.net\/?page_id=208\">Luonnetesti hyv\u00e4ksytty, +167p laukauskokematon<\/a><\/p>\n<p class=\"kuvateksti\"><b>Omistaja<\/b> Elina Riipi<br \/>\n<b>Kasvattaja<\/b> Virve Friman-Tiihonen, <a href=\"http:\/\/www.pandarellan.net\/\" target=\"_blank\" rel=\"noopener noreferrer\">Pandarellan<\/a><\/p>\n<div style=\"clear: both;\">&nbsp;<\/div>\n<p><a href=\"http:\/\/kennelkeyword.net\/wp-content\/uploads\/2013\/09\/IMG_4859.jpg\"><img loading=\"lazy\" decoding=\"async\" class=\"alignnone wp-image-424\" src=\"http:\/\/kennelkeyword.net\/wp-content\/uploads\/2013\/09\/IMG_4859.jpg\" alt=\"IMG_4859\" width=\"700\" height=\"467\" srcset=\"https:\/\/kennelkeyword.net\/wp-content\/uploads\/2013\/09\/IMG_4859.jpg 900w, https:\/\/kennelkeyword.net\/wp-content\/uploads\/2013\/09\/IMG_4859-150x100.jpg 150w, https:\/\/kennelkeyword.net\/wp-content\/uploads\/2013\/09\/IMG_4859-300x200.jpg 300w\" sizes=\"auto, (max-width: 700px) 100vw, 700px\" \/><\/a><\/p>\n<p>&nbsp;<\/p>\n<p><img loading=\"lazy\" decoding=\"async\" class=\"alignnone wp-image-424\" style=\"margin-left: 0px; margin-right: 0px; border: 0px;\" src=\"http:\/\/haukotus.net\/albums\/koirat\/sena\/poset\/IMG_7761.jpg\" alt=\"Sena 4v\" width=\"700\" height=\"467\" border=\"0\" hspace=\"0\"><\/p>\n<div class=\"viiva\" style=\"clear: both;\">&nbsp;<\/div>\n<div class=\"viiva\" style=\"clear: both;\">&nbsp;<\/div>\n<table id=\"sukutaulu\" style=\"height: 471px;\" border=\"0\" width=\"602\">\n<tbody>\n<tr>\n<td style=\"vertical-align: middle; height: 50%; text-align: center;\" rowspan=\"4\">Is\u00e4:&nbsp;C.I.B Fin S Est MVA Fin TVA BH AGI3<br \/>\n<a href=\"http:\/\/jalostus.kennelliitto.fi\/frmKoira.aspx?RekNo=FIN15906\/02\">Sandcastle&#8217;s The Rasmus<\/a><br \/>\n<a href=\"http:\/\/haukotus.net\/albums\/koirat\/rasmus\/poseeraukset\/IMG_7821.jpg\"><img decoding=\"async\" src=\"http:\/\/haukotus.net\/albums\/koirat\/rasmus\/poseeraukset\/IMG_7821.jpg\" alt=\"\" width=\"120\"><br \/>\n<\/a><span style=\"line-height: 19px;\">Lt. +108p laukausvarma (hyv\u00e4ksytty)<\/span><\/td>\n<td style=\"vertical-align: middle; height: 25%; text-align: left;\" rowspan=\"2\">C.I.B. Fin Est Ltu Rus MVA ESTV-98 PL&amp;PZSG96<br \/>\nRaynoor Self Made Man<\/td>\n<td style=\"vertical-align: middle; height: 12%; text-align: left;\">C.I.B. Fin Est Can DK S N MVA EUJV-91 PMV-95 SV-94<br \/>\nOneway&#8217;s Got To Be A Lover<\/td>\n<\/tr>\n<tr>\n<td style=\"vertical-align: middle; height: 12%; text-align: left;\">C.I.B. LTUV-96<br \/>\nCepu-Jesses Arganjilly<\/td>\n<\/tr>\n<tr>\n<td style=\"vertical-align: middle; height: 25%; text-align: left;\" rowspan=\"2\">C.I.B. Fin S Dk Est MVA BaltV-01 KBHV-02 V-04 PMV-05<br \/>\nBaubon&#8217;s Tik Tak<\/td>\n<td style=\"vertical-align: middle; height: 12%; text-align: left;\">C.I.B. Fin Est N MVA PMV-97 NV-99 V-00 V-01<br \/>\nBaubon&#8217;s Oklahoma Oliwer<\/td>\n<\/tr>\n<tr>\n<td style=\"vertical-align: middle; height: 12%; text-align: left;\">Fin MVA Baubon&#8217;s Black Jolly<\/td>\n<\/tr>\n<tr>\n<td style=\"vertical-align: top; text-align: center;\" rowspan=\"4\">Em\u00e4:<a href=\"http:\/\/jalostus.kennelliitto.fi\/frmKoira.aspx?RekNo=FIN36505\/06\">Pandarellan Ulle Dulle Doff<br \/>\n<\/a><a href=\"http:\/\/haukotus.net\/albums\/valiaikaiset\/kaverit\/virve\/IMG_6672.jpg\"><img decoding=\"async\" src=\"http:\/\/haukotus.net\/albums\/valiaikaiset\/kaverit\/virve\/IMG_6672.jpg\" alt=\"\" width=\"120\"><\/a><br \/>\nLt. +83p LA (hyl\u00e4tty)<\/td>\n<td style=\"vertical-align: middle; height: 25%; text-align: left;\" rowspan=\"2\">C.I.B. Fin S Lv Lt MVA<br \/>\nPMJV-05 BALTV-08 LVV-09<br \/>\nTK1 BH AGI3<br \/>\nOneway&#8217;s Gold Rush<\/td>\n<td style=\"vertical-align: middle; height: 12%; text-align: left;\">PMJV-03 LP II<br \/>\nOneway&#8217;s Hugo Boss<\/td>\n<\/tr>\n<tr>\n<td style=\"vertical-align: middle; height: 12%; text-align: left;\">Oneway&#8217;s Miss Marple<\/td>\n<\/tr>\n<tr>\n<td style=\"vertical-align: middle; height: 25%; text-align: left;\" rowspan=\"2\">Fin Est MVA<br \/>\nSandcastle&#8217;s Oh&#8217;Yes<\/td>\n<td style=\"vertical-align: middle; height: 12%; text-align: left;\">C.I.B. Fin S MVA<br \/>\nV-99 PMV-01 ESTV-99<br \/>\nSandcastle&#8217;s Oklahoma Obelix<\/td>\n<\/tr>\n<tr>\n<td style=\"vertical-align: middle; height: 12%; text-align: left;\">C.I.B. Fin Est S MVA<br \/>\nV-99 PMV-01 ESTV-99<br \/>\nSandcastle&#8217;s Oh&#8217; La La<\/td>\n<\/tr>\n<\/tbody>\n<\/table>\n<div class=\"viiva\" style=\"clear: both;\">&nbsp;<\/div>\n<div class=\"saavutus\">\n<h4>N\u00e4yttelytuloksia<\/h4>\n<p><i>Kansainv\u00e4linen, Suomen, Ruotsin ja Viron muotovalio<\/i><\/p>\n<p>Suomesta :<br \/>\nROP, PN2, 2xPN3, SERT -&gt; MVA, 3xVARA-SERT<br \/>\nVSP-pentu<\/p>\n<p>Virosta :<br \/>\nROP, VSP, TLNW-12, 4xPN2, 2*CACIB, 3xSERT -&gt; MVA<br \/>\n2xROP-pari Rasmuksen kanssa, BIS2-pari<\/p>\n<p>Ruotsista :<br \/>\nROP, PN4, vara-CACIB, CACIB, SERT -&gt; MVA<\/p>\n<p>Tanskasta :<br \/>\nPN2, vara-CACIB (siirtyv\u00e4)<\/p>\n<p><img decoding=\"async\" src=\"http:\/\/haukotus.net\/albums\/koirat\/yhteiset\/reissukuvia\/tallinna0609\/nayttely\/IMG_2489.jpg\" alt=\"\" width=\"500\"><\/p>\n<h4>Muita tuloksia<\/h4>\n<p>Rallytoko 3*ALOHYV -&gt; RTK1, 3*AVOHYV -&gt; RTK2<br \/>\nToko ALO3<\/p>\n<h4>Esittely<\/h4>\n<p>Sena on Rasmuksen kovasti odotettu pentu. Koska pentuja syntyi vain kaksi, en aluksi tiennyt onko n\u00e4iss\u00e4 kauan toivotuissa pennuissa minulle pentua, erityisesti koska en ollut valmis ottamaan nuoren N\u00e4ps\u00e4n kaveriksi toista pentukoiraa. Kun sitten olin lopulta varannut sen ainoan narttupennun, niin yritin tietysti etsi\u00e4 sille sijoituskotia, mutta kuten perinteiseti k\u00e4y, eih\u00e4n sit\u00e4 sopivaa sitten tullut vastaan ja niin pentu sai nimekseen Sena ja j\u00e4i kotiin. N\u00e4ps\u00e4n kanssa niill\u00e4 on mennyt todella hienosti, ne ovat parhaat leikkikaverit eik\u00e4 ainakaan viel\u00e4 ole ollut j\u00e4nnitteit\u00e4 niiden v\u00e4lill\u00e4 pienest\u00e4 ik\u00e4erosta huolimatta.<\/p>\n<p>Vanhemmistaan poiketen Pikku-Senassa osoittautui olevan temperamentti\u00e4 melkoisesti, samoin taistelutahtoa. Sellaista leikkihalua kuin sill\u00e4, en ole aiemmin p\u00e4\u00e4ssyt kokemaan kuin Senan isois\u00e4n Vekun kanssa leikkiess\u00e4ni. Hienoa ett\u00e4 tuo ominaisuus sille periytyi, sill\u00e4 siin\u00e4 on melkoinen moottori pikkutirppanalle harrastuksia varten. Senan kanssa treenaillaan agility\u00e4 ja ollaanhan me v\u00e4h\u00e4n perustottelevaisuuttakin harjoiteltu. Vaikkei aina uskoisikaan. My\u00f6s n\u00e4yttelyiss\u00e4 k\u00e4yd\u00e4\u00e4n kiertelem\u00e4ss\u00e4.<\/p>\n<p>Sena matkustaa hienosti ja kulkee miss\u00e4 vain tilanteessa minne vain. Sena on k\u00e4ynyt my\u00f6s kaverini kanssa ulkomaan reissuilla ja on ollut kiva huomata, ettei se ota stressi\u00e4 vieraista koirista ja ihmisist\u00e4 vaan menee hienosti kaikelaisessa seurassa.<\/p>\n<p>Terveydelt\u00e4\u00e4n Sena on ollut aina perusterve koira, joka sy\u00f6 mit\u00e4 vain eik\u00e4 turhia kursaile. Valitettavasti kaikki mets\u00e4st\u00e4 l\u00f6ytyv\u00e4 pahanhajuinen kuuluu sen herkkuvalikoimaan my\u00f6s. Toki sill\u00e4kin joku perusmahatauti joskus on ollut, mutta muuten sit\u00e4 ei ole tarvinnut turhaan l\u00e4\u00e4kit\u00e4. My\u00f6s kaikki luustotutkimukset mitk\u00e4 sille on tehty on olleet ok.<\/p>\n<p>Sena on toimelias koira ja v\u00e4lill\u00e4 hieman \u00e4\u00e4nek\u00e4s vartioimaan niin kotona kuin autossakin. Se reagoi nopeasti, mutta uskoo my\u00f6s kun sen k\u00e4skee lopettaa turha puhina. Muutenkin Sena on tottelevainen, vaikka ehtiikin reagoimaan kaikkeen mik\u00e4 ymp\u00e4rist\u00f6ss\u00e4 tapahtuu. Pennusta asti se on ollut eritt\u00e4in kontaktinhaluinen ja se on luontaisesti pysynyt eritt\u00e4in l\u00e4hell\u00e4 ihmist\u00e4 vapaanakin. Ainoa miinus sen k\u00e4ytt\u00e4ytymisess\u00e4 on sen taipumus haukkua hihnassa vastaantuleville koirille ja kodin aktiivinen vartiointi. Koiratapahtumissa se k\u00e4ytt\u00e4ytyy kuitenkin oikein hienosti ja vapaana ollessaan se on sosiaalinen toisien koirien kuin ihmistenkin kanssa.<\/p>\n<\/div>\n<div class=\"saavutus\">\n<h4>Senan kasvugalleria<\/h4>\n<p><b>Sena 3v<\/b><\/p>\n<p><img decoding=\"async\" src=\"http:\/\/haukotus.net\/albums\/koirat\/sena\/poset\/IMG_2476.jpg\" alt=\"Sena 3v\" width=\"400\" border=\"0\" hspace=\"0\">&nbsp;<img loading=\"lazy\" decoding=\"async\" class=\"alignnone wp-image-408\" src=\"http:\/\/haukotus.net\/albums\/koirat\/sena\/poset\/IMG_2545.jpg\" alt=\"Sena 3v\" width=\"226\" height=\"339\" border=\"0\" hspace=\"0\"><\/p>\n<p>&nbsp;<\/p>\n<p><b>Sena 2.5v<\/b><\/p>\n<p><img decoding=\"async\" src=\"http:\/\/haukotus.net\/albums\/koirat\/sena\/poset\/IMG_5148.jpg\" alt=\"Sena 2v\" width=\"400\" border=\"0\" hspace=\"0\">&nbsp;<img loading=\"lazy\" decoding=\"async\" class=\"alignnone wp-image-408\" src=\"http:\/\/haukotus.net\/albums\/koirat\/sena\/poset\/IMG_5156_001.jpg\" alt=\"Sena2v\" width=\"230\" height=\"345\" border=\"0\" hspace=\"0\"><\/p>\n<p>&nbsp;<\/p>\n<p><b>Sena 1.5v<\/b><\/p>\n<p><img decoding=\"async\" src=\"http:\/\/haukotus.net\/albums\/koirat\/sena\/poset\/IMG_5124.jpg\" alt=\"Sena 1.5v\" width=\"400\" border=\"0\" hspace=\"0\">&nbsp;<img loading=\"lazy\" decoding=\"async\" class=\"alignnone wp-image-408\" src=\"http:\/\/haukotus.net\/albums\/koirat\/sena\/poset\/IMG_4255.jpg\" alt=\"Sena 1.5v\" width=\"230\" height=\"345\" border=\"0\" hspace=\"0\"><\/p>\n<p>&nbsp;<\/p>\n<p><b>Sena 8.5kk<\/b><\/p>\n<p><img decoding=\"async\" src=\"http:\/\/haukotus.net\/albums\/koirat\/sena\/poset\/IMG_9572.jpg\" alt=\"Sena 8kk\" width=\"400\" border=\"0\" hspace=\"0\">&nbsp;<img loading=\"lazy\" decoding=\"async\" class=\"alignnone wp-image-408\" src=\"http:\/\/haukotus.net\/albums\/koirat\/sena\/poset\/IMG_9661.jpg\" alt=\"Sena 8kk\" width=\"233\" height=\"350\" border=\"0\" hspace=\"0\"><\/p>\n<p>&nbsp;<\/p>\n<p><b>Sena 6kk<\/b><\/p>\n<p><img decoding=\"async\" src=\"http:\/\/haukotus.net\/albums\/koirat\/sena\/poset\/IMG_0509.jpg\" alt=\"Sena 6kk\" width=\"400\" border=\"0\" hspace=\"0\">&nbsp;<img loading=\"lazy\" decoding=\"async\" class=\"alignnone wp-image-408\" src=\"http:\/\/haukotus.net\/albums\/koirat\/sena\/poset\/IMG_0555.jpg\" alt=\"Sena 6kk\" width=\"233\" height=\"350\" border=\"0\" hspace=\"0\"><\/p>\n<p>&nbsp;<\/p>\n<p><b>Sena 5kk<\/b><\/p>\n<p><img decoding=\"async\" src=\"http:\/\/haukotus.net\/albums\/koirat\/sena\/poset\/IMG_0066.jpg\" alt=\"Sena 5kk\" width=\"400\" border=\"0\" hspace=\"0\">&nbsp;<img loading=\"lazy\" decoding=\"async\" class=\"alignnone wp-image-408\" src=\"http:\/\/haukotus.net\/albums\/koirat\/sena\/poset\/sena_paa.jpg\" alt=\"Sena 5kk\" width=\"233\" height=\"350\" border=\"0\" hspace=\"0\"><\/p>\n<p>&nbsp;<\/p>\n<p><b>Sena 15vko<\/b><\/p>\n<p><img decoding=\"async\" src=\"http:\/\/haukotus.net\/albums\/koirat\/sena\/poset\/061208\/IMG_4882.jpg\" alt=\"Sena 15vko\" width=\"400\" border=\"0\" hspace=\"0\"><\/p>\n<p><b>Sena 10vko<\/b><\/p>\n<p><img decoding=\"async\" src=\"http:\/\/haukotus.net\/albums\/koirat\/sena\/poset\/IMG_3955.jpg\" alt=\"Sena 10vko\" width=\"400\" border=\"0\" hspace=\"0\">&nbsp;<img loading=\"lazy\" decoding=\"async\" class=\"alignnone wp-image-408\" src=\"http:\/\/haukotus.net\/albums\/koirat\/sena\/poset\/IMG_4025.jpg\" alt=\"Sena 10vko\" width=\"233\" height=\"350\" border=\"0\" hspace=\"0\"><\/p>\n<p>&nbsp;<\/p>\n<p><b>Sena 6vko<\/b><\/p>\n<p><img decoding=\"async\" src=\"http:\/\/haukotus.net\/albums\/koirat\/rasmus\/muita\/ullenpennut\/6vko\/IMG_2342.jpg\" alt=\"Sena 6vko\" width=\"400\" border=\"0\" hspace=\"0\">&nbsp;<img loading=\"lazy\" decoding=\"async\" class=\"alignnone wp-image-408\" src=\"http:\/\/haukotus.net\/albums\/koirat\/rasmus\/muita\/ullenpennut\/6vko\/IMG_2308.jpg\" alt=\"Sena 6vko\" width=\"233\" height=\"350\" border=\"0\" hspace=\"0\"><\/p>\n<\/div>\n","protected":false},"excerpt":{"rendered":"<p>C.I.B FI &amp; SE &amp; EE MVA TLNW-12 RTK2 Pandarellan \u00c5sa Rasdotter &nbsp;&#8211; &#8221;Sena&#8221; Sile\u00e4karvainen collie narttu, tricolour 25.08.2008 &#8211; 09.04.2021 (Lopetettu virtsarakon kasvaimen alkaessa oireilemaan.) Silm\u00e4t: CEA-vapaa\/CEA-vapaa Lonkat: A\/A Kyyn\u00e4rp\u00e4\u00e4t:&nbsp;0\/0 Kilpirauhanen: normaalit arvot 10\/2013[&#8230;]<\/p>\n","protected":false},"author":1,"featured_media":2970,"parent":15,"menu_order":2,"comment_status":"closed","ping_status":"closed","template":"","meta":{"ngg_post_thumbnail":0,"footnotes":""},"class_list":["post-44","page","type-page","status-publish","has-post-thumbnail","hentry"],"_links":{"self":[{"href":"https:\/\/kennelkeyword.net\/index.php?rest_route=\/wp\/v2\/pages\/44","targetHints":{"allow":["GET"]}}],"collection":[{"href":"https:\/\/kennelkeyword.net\/index.php?rest_route=\/wp\/v2\/pages"}],"about":[{"href":"https:\/\/kennelkeyword.net\/index.php?rest_route=\/wp\/v2\/types\/page"}],"author":[{"embeddable":true,"href":"https:\/\/kennelkeyword.net\/index.php?rest_route=\/wp\/v2\/users\/1"}],"replies":[{"embeddable":true,"href":"https:\/\/kennelkeyword.net\/index.php?rest_route=%2Fwp%2Fv2%2Fcomments&post=44"}],"version-history":[{"count":38,"href":"https:\/\/kennelkeyword.net\/index.php?rest_route=\/wp\/v2\/pages\/44\/revisions"}],"predecessor-version":[{"id":3328,"href":"https:\/\/kennelkeyword.net\/index.php?rest_route=\/wp\/v2\/pages\/44\/revisions\/3328"}],"up":[{"embeddable":true,"href":"https:\/\/kennelkeyword.net\/index.php?rest_route=\/wp\/v2\/pages\/15"}],"wp:featuredmedia":[{"embeddable":true,"href":"https:\/\/kennelkeyword.net\/index.php?rest_route=\/wp\/v2\/media\/2970"}],"wp:attachment":[{"href":"https:\/\/kennelkeyword.net\/index.php?rest_route=%2Fwp%2Fv2%2Fmedia&parent=44"}],"curies":[{"name":"wp","href":"https:\/\/api.w.org\/{rel}","templated":true}]}}