{"id":319,"date":"2013-11-15T11:06:52","date_gmt":"2013-11-15T09:06:52","guid":{"rendered":"http:\/\/kennelkeyword.net\/?page_id=319"},"modified":"2023-08-09T11:26:48","modified_gmt":"2023-08-09T08:26:48","slug":"keyword-sileakarvaiset-colliet","status":"publish","type":"page","link":"https:\/\/kennelkeyword.net\/","title":{"rendered":"Keyword &#8211; sile\u00e4karvaiset colliet"},"content":{"rendered":"\n<p>Sivuilta l\u00f6yd\u00e4t tietoa koiristamme sek\u00e4 kasvateistani.<br>Kotonamme asuvat sile\u00e4karvaiset colliet Tenho, Sauber ja Mitsu, joiden oma sivut l\u00f6yd\u00e4t koiramme &#8211; valikkolinkin takaa.<\/p>\n\n\n\n<figure class=\"wp-block-image size-full\"><img loading=\"lazy\" decoding=\"async\" width=\"800\" height=\"534\" src=\"https:\/\/kennelkeyword.net\/wp-content\/uploads\/2022\/11\/001_TSK_6882.jpg\" alt=\"\" class=\"wp-image-3417\" srcset=\"https:\/\/kennelkeyword.net\/wp-content\/uploads\/2022\/11\/001_TSK_6882.jpg 800w, https:\/\/kennelkeyword.net\/wp-content\/uploads\/2022\/11\/001_TSK_6882-300x200.jpg 300w, https:\/\/kennelkeyword.net\/wp-content\/uploads\/2022\/11\/001_TSK_6882-150x100.jpg 150w, https:\/\/kennelkeyword.net\/wp-content\/uploads\/2022\/11\/001_TSK_6882-768x513.jpg 768w\" sizes=\"auto, (max-width: 800px) 100vw, 800px\" \/><figcaption class=\"wp-element-caption\">Keyword Valiant &#8211; Suomen Paimennusvalio<br>kuva TSKphoto<\/figcaption><\/figure>\n\n\n\n<p><\/p>\n\n\n\n<div class=\"wp-block-group\"><div class=\"wp-block-group__inner-container is-layout-constrained wp-block-group-is-layout-constrained\"><div class=\"wp-block-image\">\n<figure class=\"alignleft size-thumbnail\"><img loading=\"lazy\" decoding=\"async\" width=\"150\" height=\"100\" src=\"https:\/\/kennelkeyword.net\/wp-content\/uploads\/2022\/05\/9D8A8486-150x100.jpg\" alt=\"\" class=\"wp-image-3365\" srcset=\"https:\/\/kennelkeyword.net\/wp-content\/uploads\/2022\/05\/9D8A8486-150x100.jpg 150w, https:\/\/kennelkeyword.net\/wp-content\/uploads\/2022\/05\/9D8A8486-300x200.jpg 300w, https:\/\/kennelkeyword.net\/wp-content\/uploads\/2022\/05\/9D8A8486-1024x683.jpg 1024w, https:\/\/kennelkeyword.net\/wp-content\/uploads\/2022\/05\/9D8A8486-768x512.jpg 768w, https:\/\/kennelkeyword.net\/wp-content\/uploads\/2022\/05\/9D8A8486-350x230.jpg 350w, https:\/\/kennelkeyword.net\/wp-content\/uploads\/2022\/05\/9D8A8486-850x567.jpg 850w, https:\/\/kennelkeyword.net\/wp-content\/uploads\/2022\/05\/9D8A8486.jpg 1200w\" sizes=\"auto, (max-width: 150px) 100vw, 150px\" \/><figcaption class=\"wp-element-caption\">Keyword Valiant<br>erikoisn\u00e4yttelyn VSP Kaarinassa 7.5.2022<\/figcaption><\/figure>\n<\/div><\/div><\/div>\n\n\n<div class=\"wp-block-image\">\n<figure class=\"alignleft size-large is-resized\"><img loading=\"lazy\" decoding=\"async\" src=\"https:\/\/kennelkeyword.net\/wp-content\/uploads\/2021\/09\/9D8A5105-1024x683.jpg\" alt=\"\" class=\"wp-image-3315\" style=\"width:150px;height:101px\" width=\"150\" height=\"101\" srcset=\"https:\/\/kennelkeyword.net\/wp-content\/uploads\/2021\/09\/9D8A5105-1024x683.jpg 1024w, https:\/\/kennelkeyword.net\/wp-content\/uploads\/2021\/09\/9D8A5105-300x200.jpg 300w, https:\/\/kennelkeyword.net\/wp-content\/uploads\/2021\/09\/9D8A5105-150x100.jpg 150w, https:\/\/kennelkeyword.net\/wp-content\/uploads\/2021\/09\/9D8A5105-768x512.jpg 768w, https:\/\/kennelkeyword.net\/wp-content\/uploads\/2021\/09\/9D8A5105-850x567.jpg 850w, https:\/\/kennelkeyword.net\/wp-content\/uploads\/2021\/09\/9D8A5105.jpg 1200w\" sizes=\"auto, (max-width: 150px) 100vw, 150px\" \/><figcaption class=\"wp-element-caption\">Keyword Valiant, <br>FI &amp; EE MVA, PAIM-2<\/figcaption><\/figure>\n<\/div>\n\n<div class=\"wp-block-image\">\n<figure class=\"alignleft size-thumbnail\"><img loading=\"lazy\" decoding=\"async\" width=\"150\" height=\"100\" src=\"https:\/\/kennelkeyword.net\/wp-content\/uploads\/2020\/09\/9D8A6765-150x100.jpg\" alt=\"\" class=\"wp-image-3093\" srcset=\"https:\/\/kennelkeyword.net\/wp-content\/uploads\/2020\/09\/9D8A6765-150x100.jpg 150w, https:\/\/kennelkeyword.net\/wp-content\/uploads\/2020\/09\/9D8A6765-300x200.jpg 300w, https:\/\/kennelkeyword.net\/wp-content\/uploads\/2020\/09\/9D8A6765-1024x683.jpg 1024w, https:\/\/kennelkeyword.net\/wp-content\/uploads\/2020\/09\/9D8A6765-768x512.jpg 768w, https:\/\/kennelkeyword.net\/wp-content\/uploads\/2020\/09\/9D8A6765-350x230.jpg 350w, https:\/\/kennelkeyword.net\/wp-content\/uploads\/2020\/09\/9D8A6765-850x567.jpg 850w, https:\/\/kennelkeyword.net\/wp-content\/uploads\/2020\/09\/9D8A6765.jpg 1200w\" sizes=\"auto, (max-width: 150px) 100vw, 150px\" \/><figcaption class=\"wp-element-caption\">Keyword Valiant &#8211; 2020 collieiden erikoisn\u00e4yttelyn VSP, PU1, SERT <\/figcaption><\/figure>\n<\/div>\n\n<div class=\"wp-block-image\">\n<figure class=\"alignleft size-full is-resized\"><img loading=\"lazy\" decoding=\"async\" src=\"https:\/\/kennelkeyword.net\/wp-content\/uploads\/2020\/08\/109458343_10158583409929655_2975419635474241793_o.jpg\" alt=\"\" class=\"wp-image-3031\" style=\"width:80px;height:100px\" width=\"80\" height=\"100\" srcset=\"https:\/\/kennelkeyword.net\/wp-content\/uploads\/2020\/08\/109458343_10158583409929655_2975419635474241793_o.jpg 1080w, https:\/\/kennelkeyword.net\/wp-content\/uploads\/2020\/08\/109458343_10158583409929655_2975419635474241793_o-241x300.jpg 241w, https:\/\/kennelkeyword.net\/wp-content\/uploads\/2020\/08\/109458343_10158583409929655_2975419635474241793_o-824x1024.jpg 824w, https:\/\/kennelkeyword.net\/wp-content\/uploads\/2020\/08\/109458343_10158583409929655_2975419635474241793_o-121x150.jpg 121w, https:\/\/kennelkeyword.net\/wp-content\/uploads\/2020\/08\/109458343_10158583409929655_2975419635474241793_o-768x954.jpg 768w, https:\/\/kennelkeyword.net\/wp-content\/uploads\/2020\/08\/109458343_10158583409929655_2975419635474241793_o-300x373.jpg 300w, https:\/\/kennelkeyword.net\/wp-content\/uploads\/2020\/08\/109458343_10158583409929655_2975419635474241793_o-850x1056.jpg 850w\" sizes=\"auto, (max-width: 80px) 100vw, 80px\" \/><figcaption class=\"wp-element-caption\">Hilpi<br>piirinmestari -2020<\/figcaption><\/figure>\n<\/div>\n\n\n<div class=\"wp-block-group\"><div class=\"wp-block-group__inner-container is-layout-flow wp-block-group-is-layout-flow\"><div class=\"wp-block-image size-thumbnail\">\n<figure class=\"alignleft\"><a href=\"https:\/\/kennelkeyword.net\/wp-content\/uploads\/2018\/06\/IMG_3378.jpg\"><img loading=\"lazy\" decoding=\"async\" width=\"150\" height=\"100\" src=\"https:\/\/kennelkeyword.net\/wp-content\/uploads\/2018\/06\/IMG_3378-150x100.jpg\" alt=\"\" class=\"wp-image-2257\" srcset=\"https:\/\/kennelkeyword.net\/wp-content\/uploads\/2018\/06\/IMG_3378-150x100.jpg 150w, https:\/\/kennelkeyword.net\/wp-content\/uploads\/2018\/06\/IMG_3378-300x200.jpg 300w, https:\/\/kennelkeyword.net\/wp-content\/uploads\/2018\/06\/IMG_3378-768x512.jpg 768w, https:\/\/kennelkeyword.net\/wp-content\/uploads\/2018\/06\/IMG_3378-1024x683.jpg 1024w, https:\/\/kennelkeyword.net\/wp-content\/uploads\/2018\/06\/IMG_3378.jpg 1200w\" sizes=\"auto, (max-width: 150px) 100vw, 150px\" \/><\/a><figcaption class=\"wp-element-caption\">Fi AVA-H Gini<\/figcaption><\/figure>\n<\/div>\n\n<div class=\"wp-block-image\">\n<figure class=\"alignleft is-resized\"><a href=\"https:\/\/kennelkeyword.net\/wp-content\/uploads\/2018\/10\/IMG_5960.jpg\"><img loading=\"lazy\" decoding=\"async\" src=\"http:\/\/kennelkeyword.net\/wp-content\/uploads\/2018\/10\/IMG_5960-1024x683.jpg\" alt=\"\" class=\"wp-image-2447\" style=\"width:150px;height:100px\" width=\"150\" height=\"100\" srcset=\"https:\/\/kennelkeyword.net\/wp-content\/uploads\/2018\/10\/IMG_5960-1024x683.jpg 1024w, https:\/\/kennelkeyword.net\/wp-content\/uploads\/2018\/10\/IMG_5960-150x100.jpg 150w, https:\/\/kennelkeyword.net\/wp-content\/uploads\/2018\/10\/IMG_5960-300x200.jpg 300w, https:\/\/kennelkeyword.net\/wp-content\/uploads\/2018\/10\/IMG_5960-768x512.jpg 768w, https:\/\/kennelkeyword.net\/wp-content\/uploads\/2018\/10\/IMG_5960.jpg 1200w\" sizes=\"auto, (max-width: 150px) 100vw, 150px\" \/><\/a><figcaption class=\"wp-element-caption\">Keyword Valiant 6 vko<\/figcaption><\/figure>\n<\/div>\n\n<div class=\"wp-block-image size-thumbnail\">\n<figure class=\"alignleft\"><a href=\"https:\/\/kennelkeyword.net\/wp-content\/uploads\/2019\/08\/9D8A9095.jpg\"><img loading=\"lazy\" decoding=\"async\" width=\"150\" height=\"100\" src=\"https:\/\/kennelkeyword.net\/wp-content\/uploads\/2019\/08\/9D8A9095-150x100.jpg\" alt=\"\" class=\"wp-image-2848\" srcset=\"https:\/\/kennelkeyword.net\/wp-content\/uploads\/2019\/08\/9D8A9095-150x100.jpg 150w, https:\/\/kennelkeyword.net\/wp-content\/uploads\/2019\/08\/9D8A9095-300x200.jpg 300w, https:\/\/kennelkeyword.net\/wp-content\/uploads\/2019\/08\/9D8A9095-768x512.jpg 768w, https:\/\/kennelkeyword.net\/wp-content\/uploads\/2019\/08\/9D8A9095-1024x683.jpg 1024w, https:\/\/kennelkeyword.net\/wp-content\/uploads\/2019\/08\/9D8A9095-370x247.jpg 370w, https:\/\/kennelkeyword.net\/wp-content\/uploads\/2019\/08\/9D8A9095-1040x693.jpg 1040w, https:\/\/kennelkeyword.net\/wp-content\/uploads\/2019\/08\/9D8A9095.jpg 1200w\" sizes=\"auto, (max-width: 150px) 100vw, 150px\" \/><\/a><figcaption class=\"wp-element-caption\">Keyword P-pennut 6v<\/figcaption><\/figure>\n<\/div>\n\n<div class=\"wp-block-image\">\n<figure class=\"alignleft\"><a href=\"https:\/\/kennelkeyword.net\/wp-content\/uploads\/2018\/03\/IMG_0430.jpg\"><img loading=\"lazy\" decoding=\"async\" width=\"150\" height=\"100\" src=\"http:\/\/kennelkeyword.net\/wp-content\/uploads\/2018\/03\/IMG_0430-150x100.jpg\" alt=\"\" class=\"wp-image-2064\" srcset=\"https:\/\/kennelkeyword.net\/wp-content\/uploads\/2018\/03\/IMG_0430-150x100.jpg 150w, https:\/\/kennelkeyword.net\/wp-content\/uploads\/2018\/03\/IMG_0430-300x200.jpg 300w, https:\/\/kennelkeyword.net\/wp-content\/uploads\/2018\/03\/IMG_0430-768x512.jpg 768w, https:\/\/kennelkeyword.net\/wp-content\/uploads\/2018\/03\/IMG_0430-1024x683.jpg 1024w, https:\/\/kennelkeyword.net\/wp-content\/uploads\/2018\/03\/IMG_0430.jpg 1200w\" sizes=\"auto, (max-width: 150px) 100vw, 150px\" \/><\/a><figcaption class=\"wp-element-caption\">Fi AVA &amp; AVA-H Hilpi<\/figcaption><\/figure>\n<\/div>\n\n<div class=\"wp-block-image\">\n<figure class=\"alignleft\"><a href=\"https:\/\/kennelkeyword.net\/wp-content\/uploads\/2013\/11\/IMG_3128.jpg\"><img loading=\"lazy\" decoding=\"async\" width=\"150\" height=\"100\" src=\"http:\/\/kennelkeyword.net\/wp-content\/uploads\/2013\/11\/IMG_3128-150x100.jpg\" alt=\"\" class=\"wp-image-1805\" srcset=\"https:\/\/kennelkeyword.net\/wp-content\/uploads\/2013\/11\/IMG_3128-150x100.jpg 150w, https:\/\/kennelkeyword.net\/wp-content\/uploads\/2013\/11\/IMG_3128-300x200.jpg 300w, https:\/\/kennelkeyword.net\/wp-content\/uploads\/2013\/11\/IMG_3128-768x512.jpg 768w, https:\/\/kennelkeyword.net\/wp-content\/uploads\/2013\/11\/IMG_3128-1024x683.jpg 1024w, https:\/\/kennelkeyword.net\/wp-content\/uploads\/2013\/11\/IMG_3128.jpg 1200w\" sizes=\"auto, (max-width: 150px) 100vw, 150px\" \/><\/a><figcaption class=\"wp-element-caption\">Lulu<\/figcaption><\/figure>\n<\/div>\n\n<div class=\"wp-block-image\">\n<figure class=\"alignleft\"><a href=\"https:\/\/kennelkeyword.net\/wp-content\/uploads\/2013\/11\/DSC_3630.jpg\" rel=\"attachment wp-att-1543\"><img loading=\"lazy\" decoding=\"async\" width=\"150\" height=\"99\" src=\"http:\/\/kennelkeyword.net\/wp-content\/uploads\/2013\/11\/DSC_3630-150x99.jpg\" alt=\"Gini - Keyword Partydoll kuva Siiri Rantala\" class=\"wp-image-1686\" srcset=\"https:\/\/kennelkeyword.net\/wp-content\/uploads\/2013\/11\/DSC_3630-150x99.jpg 150w, https:\/\/kennelkeyword.net\/wp-content\/uploads\/2013\/11\/DSC_3630-300x199.jpg 300w, https:\/\/kennelkeyword.net\/wp-content\/uploads\/2013\/11\/DSC_3630-768x508.jpg 768w, https:\/\/kennelkeyword.net\/wp-content\/uploads\/2013\/11\/DSC_3630-1024x678.jpg 1024w, https:\/\/kennelkeyword.net\/wp-content\/uploads\/2013\/11\/DSC_3630.jpg 1600w\" sizes=\"auto, (max-width: 150px) 100vw, 150px\" \/><\/a><figcaption class=\"wp-element-caption\">Gini<\/figcaption><\/figure>\n<\/div>\n\n<div class=\"wp-block-image\">\n<figure class=\"alignleft\"><a href=\"https:\/\/kennelkeyword.net\/wp-content\/uploads\/2013\/09\/IMG_5073.jpg\"><img loading=\"lazy\" decoding=\"async\" width=\"150\" height=\"100\" src=\"http:\/\/kennelkeyword.net\/wp-content\/uploads\/2013\/09\/IMG_5073-150x100.jpg\" alt=\"IMG_5073\" class=\"wp-image-1543\" srcset=\"https:\/\/kennelkeyword.net\/wp-content\/uploads\/2013\/09\/IMG_5073-150x100.jpg 150w, https:\/\/kennelkeyword.net\/wp-content\/uploads\/2013\/09\/IMG_5073-300x200.jpg 300w, https:\/\/kennelkeyword.net\/wp-content\/uploads\/2013\/09\/IMG_5073-768x512.jpg 768w, https:\/\/kennelkeyword.net\/wp-content\/uploads\/2013\/09\/IMG_5073-1024x683.jpg 1024w, https:\/\/kennelkeyword.net\/wp-content\/uploads\/2013\/09\/IMG_5073.jpg 1200w\" sizes=\"auto, (max-width: 150px) 100vw, 150px\" \/><\/a><figcaption class=\"wp-element-caption\">Tenho<\/figcaption><\/figure>\n<\/div>\n\n<div class=\"wp-block-image\">\n<figure class=\"alignleft\"><a href=\"https:\/\/kennelkeyword.net\/wp-content\/uploads\/2013\/11\/IMG_2305_v.png\"><img loading=\"lazy\" decoding=\"async\" width=\"150\" height=\"100\" src=\"http:\/\/kennelkeyword.net\/wp-content\/uploads\/2013\/11\/IMG_2305_v-150x100.png\" alt=\"IMG_2305_v\" class=\"wp-image-1477\" srcset=\"https:\/\/kennelkeyword.net\/wp-content\/uploads\/2013\/11\/IMG_2305_v-150x100.png 150w, https:\/\/kennelkeyword.net\/wp-content\/uploads\/2013\/11\/IMG_2305_v-300x200.png 300w, https:\/\/kennelkeyword.net\/wp-content\/uploads\/2013\/11\/IMG_2305_v-1024x683.png 1024w, https:\/\/kennelkeyword.net\/wp-content\/uploads\/2013\/11\/IMG_2305_v.png 1200w\" sizes=\"auto, (max-width: 150px) 100vw, 150px\" \/><\/a><figcaption class=\"wp-element-caption\">Tenho<\/figcaption><\/figure>\n<\/div>\n\n<div class=\"wp-block-image\">\n<figure class=\"alignleft\"><a href=\"https:\/\/kennelkeyword.net\/wp-content\/uploads\/2013\/11\/IMG_5720.jpg\"><img loading=\"lazy\" decoding=\"async\" width=\"150\" height=\"100\" src=\"http:\/\/kennelkeyword.net\/wp-content\/uploads\/2013\/11\/IMG_5720-150x100.jpg\" alt=\"\" class=\"wp-image-1580\" srcset=\"https:\/\/kennelkeyword.net\/wp-content\/uploads\/2013\/11\/IMG_5720-150x100.jpg 150w, https:\/\/kennelkeyword.net\/wp-content\/uploads\/2013\/11\/IMG_5720-300x200.jpg 300w, https:\/\/kennelkeyword.net\/wp-content\/uploads\/2013\/11\/IMG_5720-768x512.jpg 768w, https:\/\/kennelkeyword.net\/wp-content\/uploads\/2013\/11\/IMG_5720-1024x683.jpg 1024w, https:\/\/kennelkeyword.net\/wp-content\/uploads\/2013\/11\/IMG_5720.jpg 1200w\" sizes=\"auto, (max-width: 150px) 100vw, 150px\" \/><\/a><figcaption class=\"wp-element-caption\">Elina ja koirat<\/figcaption><\/figure>\n<\/div>\n\n<div class=\"wp-block-image\">\n<figure class=\"alignleft\"><a href=\"https:\/\/kennelkeyword.net\/wp-content\/uploads\/2018\/10\/IMG_6293.jpg\"><img loading=\"lazy\" decoding=\"async\" width=\"150\" height=\"100\" src=\"http:\/\/kennelkeyword.net\/wp-content\/uploads\/2018\/10\/IMG_6293-150x100.jpg\" alt=\"\" class=\"wp-image-2452\" srcset=\"https:\/\/kennelkeyword.net\/wp-content\/uploads\/2018\/10\/IMG_6293-150x100.jpg 150w, https:\/\/kennelkeyword.net\/wp-content\/uploads\/2018\/10\/IMG_6293-300x200.jpg 300w, https:\/\/kennelkeyword.net\/wp-content\/uploads\/2018\/10\/IMG_6293-768x512.jpg 768w, https:\/\/kennelkeyword.net\/wp-content\/uploads\/2018\/10\/IMG_6293-1024x683.jpg 1024w, https:\/\/kennelkeyword.net\/wp-content\/uploads\/2018\/10\/IMG_6293.jpg 1200w\" sizes=\"auto, (max-width: 150px) 100vw, 150px\" \/><\/a><figcaption class=\"wp-element-caption\">Sauber<\/figcaption><\/figure>\n<\/div>\n\n<div class=\"wp-block-image\">\n<figure class=\"alignleft\"><a href=\"https:\/\/kennelkeyword.net\/wp-content\/uploads\/2019\/05\/9D8A3762.jpg\"><img loading=\"lazy\" decoding=\"async\" width=\"150\" height=\"100\" src=\"http:\/\/kennelkeyword.net\/wp-content\/uploads\/2019\/05\/9D8A3762-150x100.jpg\" alt=\"\" class=\"wp-image-2712\" srcset=\"https:\/\/kennelkeyword.net\/wp-content\/uploads\/2019\/05\/9D8A3762-150x100.jpg 150w, https:\/\/kennelkeyword.net\/wp-content\/uploads\/2019\/05\/9D8A3762-300x200.jpg 300w, https:\/\/kennelkeyword.net\/wp-content\/uploads\/2019\/05\/9D8A3762-768x512.jpg 768w, https:\/\/kennelkeyword.net\/wp-content\/uploads\/2019\/05\/9D8A3762-1024x683.jpg 1024w, https:\/\/kennelkeyword.net\/wp-content\/uploads\/2019\/05\/9D8A3762.jpg 1200w\" sizes=\"auto, (max-width: 150px) 100vw, 150px\" \/><\/a><figcaption class=\"wp-element-caption\">Sauber 8kk ja Tenho 6v<\/figcaption><\/figure>\n<\/div><\/div><\/div>\n\n\n\n<div style=\"clear:both;\"><hr><\/div>\n\n\n\n<p>Ota rohkeasti yhteytt\u00e4, jos haluat kysy\u00e4 jotain tai piipahtaa k\u00e4ym\u00e4\u00e4n. S\u00e4hk\u00f6postilla tavoittaa nopeimmin tarvittaessa. Puhelimellakin satunnaisesti.<\/p>\n","protected":false},"excerpt":{"rendered":"<p>Sivuilta l\u00f6yd\u00e4t tietoa koiristamme sek\u00e4 kasvateistani.Kotonamme asuvat sile\u00e4karvaiset colliet Tenho, Sauber ja Mitsu, joiden oma sivut l\u00f6yd\u00e4t koiramme &#8211; valikkolinkin takaa. Ota rohkeasti yhteytt\u00e4, jos haluat kysy\u00e4 jotain tai piipahtaa k\u00e4ym\u00e4\u00e4n. S\u00e4hk\u00f6postilla tavoittaa nopeimmin tarvittaessa.[&#8230;]<\/p>\n","protected":false},"author":1,"featured_media":0,"parent":0,"menu_order":0,"comment_status":"closed","ping_status":"closed","template":"","meta":{"ngg_post_thumbnail":0,"footnotes":""},"class_list":["post-319","page","type-page","status-publish","hentry"],"_links":{"self":[{"href":"https:\/\/kennelkeyword.net\/index.php?rest_route=\/wp\/v2\/pages\/319","targetHints":{"allow":["GET"]}}],"collection":[{"href":"https:\/\/kennelkeyword.net\/index.php?rest_route=\/wp\/v2\/pages"}],"about":[{"href":"https:\/\/kennelkeyword.net\/index.php?rest_route=\/wp\/v2\/types\/page"}],"author":[{"embeddable":true,"href":"https:\/\/kennelkeyword.net\/index.php?rest_route=\/wp\/v2\/users\/1"}],"replies":[{"embeddable":true,"href":"https:\/\/kennelkeyword.net\/index.php?rest_route=%2Fwp%2Fv2%2Fcomments&post=319"}],"version-history":[{"count":100,"href":"https:\/\/kennelkeyword.net\/index.php?rest_route=\/wp\/v2\/pages\/319\/revisions"}],"predecessor-version":[{"id":3561,"href":"https:\/\/kennelkeyword.net\/index.php?rest_route=\/wp\/v2\/pages\/319\/revisions\/3561"}],"wp:attachment":[{"href":"https:\/\/kennelkeyword.net\/index.php?rest_route=%2Fwp%2Fv2%2Fmedia&parent=319"}],"curies":[{"name":"wp","href":"https:\/\/api.w.org\/{rel}","templated":true}]}}