{"id":30,"date":"2013-09-16T13:50:17","date_gmt":"2013-09-16T10:50:17","guid":{"rendered":"http:\/\/haukotus.net\/kennelkeyword\/?page_id=30"},"modified":"2020-07-02T11:15:35","modified_gmt":"2020-07-02T08:15:35","slug":"stoorybooks-miss-moneypenny","status":"publish","type":"page","link":"https:\/\/kennelkeyword.net\/?page_id=30","title":{"rendered":"Stoorybook&#8217;s Miss Moneypenny"},"content":{"rendered":"<h4>FI &amp; EE &amp; SE MVA, BH TK1<\/h4>\n<h2>Stoorybook&#8217;s Miss Moneypenny &#8211; <i>&#8221;N\u00e4ps\u00e4&#8221;<\/i><\/h2>\n<p>Lyhytkarvainen collie narttu, tricolour<br \/>\n<a href=\"http:\/\/kennelkeyword.net\/wp-content\/uploads\/2013\/09\/IMG_6981.jpg\"><img loading=\"lazy\" decoding=\"async\" class=\"alignright wp-image-903\" src=\"http:\/\/kennelkeyword.net\/wp-content\/uploads\/2013\/09\/IMG_6981.jpg\" alt=\"\" width=\"318\" height=\"477\" srcset=\"https:\/\/kennelkeyword.net\/wp-content\/uploads\/2013\/09\/IMG_6981.jpg 600w, https:\/\/kennelkeyword.net\/wp-content\/uploads\/2013\/09\/IMG_6981-100x150.jpg 100w, https:\/\/kennelkeyword.net\/wp-content\/uploads\/2013\/09\/IMG_6981-200x300.jpg 200w, https:\/\/kennelkeyword.net\/wp-content\/uploads\/2013\/09\/IMG_6981-552x828.jpg 552w\" sizes=\"auto, (max-width: 318px) 100vw, 318px\" \/><\/a><br \/>\n06.04.2007 &#8211; 1.7.2020<\/p>\n<p class=\"kuvateksti\"><b>Silm\u00e4t<\/b> : CEA-vapaa, PPM (6vko) \/ CEA-vapaa<br \/>\n<b>Lonkat<\/b> : A\/A<br \/>\n<b>Kyyn\u00e4rp\u00e4\u00e4t<\/b> : 0\/0<br \/>\nSel\u00e4ss\u00e4 <a href=\"http:\/\/kennelkeyword.net\/wp-content\/uploads\/2013\/09\/N\u00c4PS\u00c4_RIIPI_ELINA_6065_Selk\u00e4ranka-Lanneranka-LAT-7.10.2016-18_07_47-27.jpeg\" target=\"_blank\" rel=\"noopener noreferrer\">spondyloosimuutos <\/a>yhdess\u00e4 nikamav\u00e4liss\u00e4. Todettu&nbsp;7v. &nbsp;Linkiss\u00e4 9v otettu seurantakuva.<br \/>\nEturanteiden nivelrikko todettu 9,5v. (<a href=\"http:\/\/kennelkeyword.net\/wp-content\/uploads\/2013\/09\/N\u00c4PS\u00c4_RIIPI_ELINA_6065_Eturaajat-Ranne-ML-7.10.2016-18_07_49-686.jpeg\">ranne<\/a>, <a href=\"http:\/\/kennelkeyword.net\/wp-content\/uploads\/2013\/09\/N\u00c4PS\u00c4_RIIPI_ELINA_6065_Eturaajat-Ranne-ML-7.10.2016-18_07_50-1.jpeg\">ranne<\/a>)<br \/>\nPoistettu kolme etuhammasta, jotka katkenneet t\u00f6rm\u00e4yksiss\u00e4.<br \/>\n<b>Kilpirauhanen<\/b> : terve (9.3.2009 \/ 25.4.2016), TgAA negatiivinen<\/p>\n<p><b>DNA-testit<\/b><br \/>\nMDR1 +\/-<br \/>\nCEA kantaja<\/p>\n<p>\u00bb <a href=\"http:\/\/jalostus.kennelliitto.fi\/frmKoira.aspx?RekNo=FIN26849\/07&amp;R=296\" target=\"_blank\" rel=\"noopener noreferrer\">KoiraNet<br \/>\n<\/a>\u00bb <a href=\"http:\/\/www.smooth-collie.net\/view.php?id=2354\" target=\"_blank\" rel=\"noopener noreferrer\">Smooth Collie Database<\/a><\/p>\n<p><strong>N\u00e4yttelyt:<\/strong> SERT, VSP (Suomi), SERT, ROP (Ruotsi), 3*SERT, CACIB, ROP, RYP-2 (Viro)<\/p>\n<p><strong>Toko:<\/strong> 3xALO1 (TK1), AVO1<br \/>\n<strong>Agility:<\/strong> Maxi-III<br \/>\nBH-koe hyv\u00e4ksytty<br \/>\n<a title=\"LT &amp; MH (N\u00e4ps\u00e4)\" href=\"http:\/\/kennelkeyword.net\/?page_id=194\">MH suoritettu<br \/>\n<\/a><a title=\"LT &amp; MH (N\u00e4ps\u00e4)\" href=\"http:\/\/kennelkeyword.net\/?page_id=194\">Luonnetesti hyv\u00e4ksytty, +142p laukausvarma<\/a><\/p>\n<p class=\"kuvateksti\">Kasvattaja : Merja Stoor, <a href=\"http:\/\/www.stoorybooks.com\/\">Stoorybook&#8217;s colliet<br \/>\n<\/a>Omistaja : Elina Riipi<\/p>\n<div style=\"clear: both;\"><a href=\"http:\/\/kennelkeyword.net\/wp-content\/uploads\/2013\/09\/IMG_6975.jpg\"><img loading=\"lazy\" decoding=\"async\" class=\"alignnone wp-image-488\" src=\"http:\/\/kennelkeyword.net\/wp-content\/uploads\/2013\/09\/IMG_6975.jpg\" alt=\"IMG_6975\" width=\"750\" height=\"500\" srcset=\"https:\/\/kennelkeyword.net\/wp-content\/uploads\/2013\/09\/IMG_6975.jpg 900w, https:\/\/kennelkeyword.net\/wp-content\/uploads\/2013\/09\/IMG_6975-150x100.jpg 150w, https:\/\/kennelkeyword.net\/wp-content\/uploads\/2013\/09\/IMG_6975-300x200.jpg 300w\" sizes=\"auto, (max-width: 750px) 100vw, 750px\" \/><\/a><\/div>\n<p><img loading=\"lazy\" decoding=\"async\" style=\"margin-left: 0px; margin-right: 0px; border: 0px;\" src=\"http:\/\/haukotus.net\/albums\/koirat\/yhteiset\/2011\/lieksahela\/IMG_0495.jpg\" alt=\"\" width=\"750\" height=\"500\" border=\"0\" hspace=\"0\"><\/p>\n<table id=\"sukutaulu\" border=\"0\">\n<tbody>\n<tr>\n<td style=\"vertical-align: middle; height: 50%; text-align: center;\" rowspan=\"4\">Is\u00e4:<br \/>\n<a href=\"http:\/\/jalostus.kennelliitto.fi\/frmKoira.aspx?RekNo=FIN42430\/01\">Sandcastle&#8217;s Dollar Smile<\/a><a href=\"http:\/\/haukotus.net\/kennelkeyword\/wp-content\/uploads\/2013\/09\/Taala.jpg\"><br \/>\n<img loading=\"lazy\" decoding=\"async\" class=\"alignnone wp-image-35\" src=\"\/wp-content\/uploads\/2013\/09\/Taala-300x233.jpg\" alt=\"Taala\" width=\"180\" height=\"140\" srcset=\"https:\/\/kennelkeyword.net\/wp-content\/uploads\/2013\/09\/Taala-300x233.jpg 300w, https:\/\/kennelkeyword.net\/wp-content\/uploads\/2013\/09\/Taala.jpg 527w\" sizes=\"auto, (max-width: 180px) 100vw, 180px\" \/><\/a><\/td>\n<td style=\"vertical-align: middle; height: 25%; text-align: left;\" rowspan=\"2\">Foxearth Fire Arrow<\/td>\n<td style=\"vertical-align: middle; height: 12%; text-align: left;\">Foxearth Guy Fawkes<\/td>\n<\/tr>\n<tr>\n<td style=\"vertical-align: middle; height: 12%; text-align: left;\">Darsing Scarlet O&#8217;Hara At Foxearth<\/td>\n<\/tr>\n<tr>\n<td style=\"vertical-align: middle; height: 25%; text-align: left;\" rowspan=\"2\">Sandcastle&#8217;s Mustang Sally<\/td>\n<td style=\"vertical-align: middle; height: 12%; text-align: left;\">Baubon&#8217;s Oklahoma Oliwer<\/td>\n<\/tr>\n<tr>\n<td style=\"vertical-align: middle; height: 12%; text-align: left;\">Goldbody&#8217;s Back In Business<\/td>\n<\/tr>\n<tr>\n<td style=\"vertical-align: top; text-align: center;\" rowspan=\"4\">Em\u00e4:<br \/>\n<a href=\"http:\/\/jalostus.kennelliitto.fi\/frmKoira.aspx?RekNo=FIN15908\/02\">Sandcastle&#8217;s Cat Cat<br \/>\n<\/a><a href=\"http:\/\/haukotus.net\/kennelkeyword\/wp-content\/uploads\/2013\/09\/Veera.jpg\"><img loading=\"lazy\" decoding=\"async\" class=\"alignnone wp-image-36\" src=\"\/wp-content\/uploads\/2013\/09\/Veera-300x225.jpg\" alt=\"Veera\" width=\"180\" height=\"135\" srcset=\"https:\/\/kennelkeyword.net\/wp-content\/uploads\/2013\/09\/Veera-300x225.jpg 300w, https:\/\/kennelkeyword.net\/wp-content\/uploads\/2013\/09\/Veera.jpg 504w\" sizes=\"auto, (max-width: 180px) 100vw, 180px\" \/><\/a><\/td>\n<td style=\"vertical-align: middle; height: 25%; text-align: left;\" rowspan=\"2\">Raynoor Self Made Man<\/td>\n<td style=\"vertical-align: middle; height: 12%; text-align: left;\">Oneway&#8217;s Got To Be A Lover<\/td>\n<\/tr>\n<tr>\n<td style=\"vertical-align: middle; height: 12%; text-align: left;\">Cepu-Jesses Arganjilly<\/td>\n<\/tr>\n<tr>\n<td style=\"vertical-align: middle; height: 25%; text-align: left;\" rowspan=\"2\">Baubon&#8217;s Tik Tak<\/td>\n<td style=\"vertical-align: middle; height: 12%; text-align: left;\">Baubon&#8217;s Oklahoma Oliwer<\/td>\n<\/tr>\n<tr>\n<td style=\"vertical-align: middle; height: 12%; text-align: left;\">Baubon&#8217;s Black Jolly<\/td>\n<\/tr>\n<\/tbody>\n<\/table>\n<div class=\"viiva\" style=\"clear: both;\">&nbsp;<\/div>\n<div class=\"saavutus\">\n<h2>&nbsp;<\/h2>\n<h4>N\u00e4yttelyt<\/h4>\n<p>Suomesta :<br \/>\nSERT, VSP, 3xVARA-SERT, 3xPN2<\/p>\n<p>Ruotsista :<br \/>\nSERT, ROP<\/p>\n<p>Virosta :<br \/>\n3*SERT -&gt; MVA, CACIB, 2*ROP, RYP2<\/p>\n<p><img decoding=\"async\" src=\"http:\/\/haukotus.net\/albums\/koirat\/napsa\/nayttelyt\/IMG_6953.jpg\" alt=\"\" width=\"500\"><\/p>\n<\/div>\n<div class=\"saavutus\">\n<h4>Toko<\/h4>\n<p>3xALO1 (TK1)<br \/>\nAVO1<\/p>\n<p><img decoding=\"async\" src=\"http:\/\/haukotus.net\/albums\/koirat\/napsa\/tokoa\/IMG_8791.jpg\" alt=\"\" width=\"500\"><\/p>\n<\/div>\n<div class=\"saavutus\">\n<h4>Agility<\/h4>\n<p>MAXI-III<\/p>\n<p><img decoding=\"async\" src=\"http:\/\/haukotus.net\/albums\/koirat\/napsa\/agility\/IMG_8806.jpg\" alt=\"\" width=\"500\"><\/p>\n<p>&nbsp;<\/p>\n<h4>Esittely<\/h4>\n<p>Neiti N\u00e4ps\u00e4 on kauan ja hartaasti etsitty ja odotettu lyhytkarvaisen collien pentu. Rasmuksen j\u00e4lkeen halusin samanrotuisen iloisen ja avoimen koiran ja N\u00e4ps\u00e4ss\u00e4 on kyll\u00e4 molempia ominaisuuksia runsain mitoin. N\u00e4ps\u00e4 on Rasmuksen siskon Veeran pentu, joka on syntynyt ja kasvanut ensimm\u00e4iset seitsem\u00e4n viikkoaan nelj\u00e4n sisaruksensa kanssa Stoorin Merjan kotona Helsingiss\u00e4. Sisaruksista N\u00e4ps\u00e4 sek\u00e4 siskonsa ovat jo ehtineet debytoida n\u00e4yttelyiss\u00e4. N\u00e4ps\u00e4 on saanu jopa ruusukkeen todisteeksi sievyydest\u00e4\u00e4n, eli vaaleansininen varaserti on jo N\u00e4ps\u00e4n palkintokaapissa \ud83d\ude09 Kolmevuotiaana N\u00e4ps\u00e4 debytoi my\u00f6s ulkomailla ja sai hienosti sertin sek\u00e4 Ruotsista ett\u00e4 Virosta ja samana kes\u00e4n\u00e4 lopulta my\u00f6s Suomesta. Viel\u00e4 on parin sertin verran matkaa valioitumiseen, mutta ehk\u00e4 ne viel\u00e4 sielt\u00e4 tulevat nekin.<\/p>\n<p>Kun k\u00e4vimme katsomassa pentuja ensimm\u00e4isen kerran olivat ne viisiviikkoisia ja N\u00e4ps\u00e4 viel\u00e4 pieni, siev\u00e4 ja herttainen. Odotamme mielenkiinnolla mit\u00e4 t\u00e4st\u00e4 trikkityt\u00f6st\u00e4 viel\u00e4 kuoriutuu \ud83d\ude09 Toivottavasti voidaan jatkaa Rasmuksen kanssa aloitettua monipuolista harrastelua eri kentill\u00e4. \u00c4lyk\u00e4s N\u00e4ps\u00e4 ainakin on, hyvin v\u00e4h\u00e4ll\u00e4 treenaamisella se oppi esimerkiksi noutamisen ja luoksetulon jo nuorena tytt\u00f6n\u00e4. My\u00f6s agilityn alkeita on opiskeltu pentukurssista alkaen ja j\u00e4lke\u00e4kin on poljettu sek\u00e4 ukkoja etsitty mets\u00e4st\u00e4. Agilitytreeneiss\u00e4 on my\u00f6s todettu neidin omaavan jonkin verran omaa p\u00e4\u00e4t\u00e4, koska mit\u00e4 sit\u00e4 turhaan rehkim\u00e4\u00e4n, jos tasamaatakin p\u00e4\u00e4see namit hakemaan. Eik\u00e4 N\u00e4ps\u00e4\u00e4 my\u00f6sk\u00e4\u00e4n haittaa mitk\u00e4\u00e4n pikkuasiat, kuten keinuvat alustat tai muuten kolisevat jutut. P\u00e4invastoin, joskus toivoisi ett\u00e4 N\u00e4ps\u00e4ll\u00e4 k\u00e4visi mieless\u00e4 edes pieni vauhdin hidastaminen&#8230; Vuonna 2010 N\u00e4ps\u00e4 nousi agilityss\u00e4 kakkosluokkaan ja seuraavan kauden tavoitteena on toki nousu kolmosiinkin. N\u00e4ps\u00e4lle tuli kes\u00e4n 2010 aikana roima annos vauhtia lis\u00e4\u00e4, mutta vastaavasti erinomaiseksi koulitut kontaktit alkoivat tuottaa p\u00e4\u00e4nvaivaa. Muuttojen my\u00f6t\u00e4 laji j\u00e4i N\u00e4ps\u00e4lt\u00e4 harrastuksista pois, vaikka v\u00e4lill\u00e4 onkin k\u00e4yty hallilla v\u00e4h\u00e4n muistia verryttelem\u00e4ss\u00e4 ja hyvinh\u00e4n se viel\u00e4kin menee.<\/p>\n<p>Kotioloissa N\u00e4ps\u00e4 on i\u00e4n karttuessa aikuistunut ja rauhoittunut, mutta melkoinen halipusimussukka se on edelleen. Avoin, vilkas ja reipas koiraneiti kaikinpuolin. Koiralaumassa N\u00e4ps\u00e4 on meill\u00e4 se, joka pit\u00e4\u00e4 kaikki tyytyv\u00e4isin\u00e4. Se v\u00e4ltt\u00e4\u00e4 kaikkia turhia konflikteja ja menee v\u00e4liin jos muiden toiminta n\u00e4ytt\u00e4\u00e4 yht\u00e4\u00e4n sit\u00e4 aiheuttavan. N\u00e4ps\u00e4 toimii Senan parhaana leluna ja leikkikaverina ja Rasmuskin leikki mieluiten N\u00e4ps\u00e4n kanssa.<\/p>\n<p>N\u00e4ps\u00e4n ensimm\u00e4inen kes\u00e4 meni erilaisiin juttuihin tutustumiseen. Eli v\u00e4h\u00e4n kaikkea, paljoa ei mit\u00e4\u00e4n. Vuonna 2008 k\u00e4ytiin joku n\u00e4yttely tutustumassa ja jatkettiin agilityn ja tokon alkeiden opettelua. My\u00f6hemmin on jo kilpailtu niin agilityss\u00e4 kuin tokossakin ja n\u00e4yttelyit\u00e4 on ollut ohjelmassa my\u00f6s. Lampaita ei p\u00e4\u00e4sty ik\u00e4v\u00e4 kyll\u00e4 paimentamaan en\u00e4\u00e4 pentukes\u00e4n j\u00e4lkeen, mutta kyll\u00e4h\u00e4n parissa lajissa on riitt\u00e4v\u00e4sti ohjelmaa koiralle ja ohjaajille.<\/p>\n<\/div>\n<div class=\"saavutus\">\n<h4>N\u00e4ps\u00e4n kasvugalleria<\/h4>\n<p><b>N\u00e4ps\u00e4 3v<\/b><\/p>\n<p><img decoding=\"async\" src=\"http:\/\/haukotus.net\/albums\/koirat\/napsa\/poseerauksia\/IMG_2139.jpg\" alt=\"N\u00e4ps\u00e4 3v\" width=\"400\" border=\"0\" hspace=\"0\"><\/p>\n<p>&nbsp;<\/p>\n<p><b>N\u00e4ps\u00e4 2v<\/b><\/p>\n<p><img decoding=\"async\" src=\"http:\/\/haukotus.net\/albums\/koirat\/napsa\/poseerauksia\/IMG_9895.jpg\" alt=\"N\u00e4ps\u00e4 2v\" width=\"400\" border=\"0\" hspace=\"0\"><\/p>\n<p>&nbsp;<\/p>\n<p><b>N\u00e4ps\u00e4 1v 5kk<\/b><\/p>\n<p><img decoding=\"async\" src=\"http:\/\/haukotus.net\/albums\/koirat\/napsa\/poseerauksia\/IMG_9347.jpg\" alt=\"N\u00e4ps\u00e4 17kk\" width=\"400\" border=\"0\" hspace=\"0\"><\/p>\n<p>&nbsp;<\/p>\n<p><b>N\u00e4ps\u00e4 1v 1kk<\/b><\/p>\n<p><img decoding=\"async\" src=\"http:\/\/haukotus.net\/albums\/koirat\/napsa\/poseerauksia\/IMG_3555_mod.jpg\" alt=\"N\u00e4ps\u00e4 13kk\" width=\"400\" border=\"0\" hspace=\"0\"><\/p>\n<p><b>N\u00e4ps\u00e4 8kk<\/b><\/p>\n<p><img decoding=\"async\" src=\"http:\/\/haukotus.net\/albums\/koirat\/napsa\/poseerauksia\/IMG_1669.jpg\" alt=\"N\u00e4ps\u00e4 8kk\" width=\"400\" border=\"0\" hspace=\"0\"><\/p>\n<p>&nbsp;<\/p>\n<p><b>N\u00e4ps\u00e4 6kk<\/b><\/p>\n<p><img decoding=\"async\" src=\"http:\/\/haukotus.net\/albums\/koirat\/napsa\/poseerauksia\/P1170654.jpg\" alt=\"N\u00e4ps\u00e4 6kk\" width=\"400\" border=\"0\" hspace=\"0\"><\/p>\n<p>&nbsp;<\/p>\n<p><b>N\u00e4ps\u00e4 5kk<\/b><\/p>\n<p><img decoding=\"async\" src=\"http:\/\/haukotus.net\/albums\/koirat\/napsa\/poseerauksia\/Napsa17vko.jpg\" alt=\"N\u00e4ps\u00e4 4kk\" width=\"400\" border=\"0\" hspace=\"0\"><\/p>\n<p>&nbsp;<\/p>\n<p><b>N\u00e4ps\u00e4 3kk<\/b><\/p>\n<p><img decoding=\"async\" src=\"http:\/\/haukotus.net\/albums\/koirat\/napsa\/poseerauksia\/Napsa_3kk.jpg\" alt=\"N\u00e4ps\u00e4 3kk\" width=\"400\" border=\"0\" hspace=\"0\"><\/p>\n<p>&nbsp;<\/p>\n<p><b>N\u00e4ps\u00e4 11vko<\/b><\/p>\n<p><img decoding=\"async\" src=\"http:\/\/haukotus.net\/albums\/koirat\/napsa\/poseerauksia\/P1080147.jpg\" alt=\"N\u00e4ps\u00e4 11vko\" width=\"400\" border=\"0\" hspace=\"0\"><\/p>\n<p>&nbsp;<\/p>\n<p><b>N\u00e4ps\u00e4 8vko<\/b><\/p>\n<p><img decoding=\"async\" src=\"http:\/\/haukotus.net\/albums\/koirat\/napsa\/poseerauksia\/P1060680.jpg\" alt=\"N\u00e4ps\u00e4 8vko\" width=\"400\" border=\"0\" hspace=\"0\"><\/p>\n<\/div>\n","protected":false},"excerpt":{"rendered":"<p>FI &amp; EE &amp; SE MVA, BH TK1 Stoorybook&#8217;s Miss Moneypenny &#8211; &#8221;N\u00e4ps\u00e4&#8221; Lyhytkarvainen collie narttu, tricolour 06.04.2007 &#8211; 1.7.2020 Silm\u00e4t : CEA-vapaa, PPM (6vko) \/ CEA-vapaa Lonkat : A\/A Kyyn\u00e4rp\u00e4\u00e4t : 0\/0 Sel\u00e4ss\u00e4 spondyloosimuutos[&#8230;]<\/p>\n","protected":false},"author":1,"featured_media":2971,"parent":15,"menu_order":0,"comment_status":"closed","ping_status":"closed","template":"","meta":{"ngg_post_thumbnail":0,"footnotes":""},"class_list":["post-30","page","type-page","status-publish","has-post-thumbnail","hentry"],"_links":{"self":[{"href":"https:\/\/kennelkeyword.net\/index.php?rest_route=\/wp\/v2\/pages\/30","targetHints":{"allow":["GET"]}}],"collection":[{"href":"https:\/\/kennelkeyword.net\/index.php?rest_route=\/wp\/v2\/pages"}],"about":[{"href":"https:\/\/kennelkeyword.net\/index.php?rest_route=\/wp\/v2\/types\/page"}],"author":[{"embeddable":true,"href":"https:\/\/kennelkeyword.net\/index.php?rest_route=\/wp\/v2\/users\/1"}],"replies":[{"embeddable":true,"href":"https:\/\/kennelkeyword.net\/index.php?rest_route=%2Fwp%2Fv2%2Fcomments&post=30"}],"version-history":[{"count":34,"href":"https:\/\/kennelkeyword.net\/index.php?rest_route=\/wp\/v2\/pages\/30\/revisions"}],"predecessor-version":[{"id":3009,"href":"https:\/\/kennelkeyword.net\/index.php?rest_route=\/wp\/v2\/pages\/30\/revisions\/3009"}],"up":[{"embeddable":true,"href":"https:\/\/kennelkeyword.net\/index.php?rest_route=\/wp\/v2\/pages\/15"}],"wp:featuredmedia":[{"embeddable":true,"href":"https:\/\/kennelkeyword.net\/index.php?rest_route=\/wp\/v2\/media\/2971"}],"wp:attachment":[{"href":"https:\/\/kennelkeyword.net\/index.php?rest_route=%2Fwp%2Fv2%2Fmedia&parent=30"}],"curies":[{"name":"wp","href":"https:\/\/api.w.org\/{rel}","templated":true}]}}