{"id":298,"date":"2013-11-09T13:22:54","date_gmt":"2013-11-09T11:22:54","guid":{"rendered":"http:\/\/kennelkeyword.net\/?page_id=298"},"modified":"2016-12-31T11:22:43","modified_gmt":"2016-12-31T09:22:43","slug":"rasmuksen-jalkelaiset-pandarellan-a-pentue","status":"publish","type":"page","link":"https:\/\/kennelkeyword.net\/?page_id=298","title":{"rendered":"Rasmuksen j\u00e4lkel\u00e4iset &#8211; Pandarellan \u00c5-pentue"},"content":{"rendered":"<h3>Rasmuksen j\u00e4lkel\u00e4isi\u00e4<\/h3>\n<h5>Pandarellan \u00c5-pentue<\/h5>\n<p>Kasvattaja: Virve Friman-Tiihonen, Jyv\u00e4skyl\u00e4n maalaiskunta (Palokka)<br \/>\n<strong>Synt<\/strong>. 25.8.2008<\/p>\n<p>Pentueeseen syntyi yksi soopeliuros ja yksi trikkinarttu. Yhteiskuvassa pennut noin 6vko.<\/p>\n<p><a href=\"http:\/\/www.haukotus.net\/albums\/koirat\/rasmus\/muita\/ullenpennut\/\" target=\"_blank\">Pentujen kuvia<\/a><\/p>\n<p><img decoding=\"async\" src=\"http:\/\/www.haukotus.net\/albums\/koirat\/rasmus\/muita\/ullenpennut\/6vko\/IMG_2464.jpg\" alt=\"\" width=\"500\" \/><\/p>\n<p><b>Pentueen em\u00e4<br \/>\nPandarellan Ulle Dulle Doff<\/b><\/p>\n<p>Silm\u00e4t : Cea-vapaa<br \/>\nLonkat : A\/A<br \/>\nKyyn\u00e4rp\u00e4\u00e4t: 0\/0<\/p>\n<p><img loading=\"lazy\" decoding=\"async\" class=\"alignnone\" style=\"border: 2px solid #cccccc;\" src=\"http:\/\/www.haukotus.net\/albums\/valiaikaiset\/kaverit\/virve\/IMG_6672.jpg\" alt=\"\" width=\"420\" height=\"280\" \/><\/p>\n<p>Ulle on k\u00e4ynyt yhden n\u00e4yttelyn junioriluokassa, josta sill\u00e4 on EH1.<\/p>\n<p>Arvostelu: <i>&#8221;Hyvin lihaksikas 1v narttu. Erinomainen koko ja mittasuhteet. Feminiininen p\u00e4\u00e4. Kuono-osa saisi olla t\u00e4ytel\u00e4isempi ja alaleuka vahvempi suhteessa kalloon. Hyv\u00e4t silm\u00e4t ja korvat. Hyv\u00e4 kaula. Sopiva eturinta. Tasapainoiset kulmaukset edess\u00e4 ja takana. Hyv\u00e4 lantio. Hyv\u00e4 reiden leveys. Hyv\u00e4 luusto. Liikkuu hyv\u00e4ll\u00e4 askelpituudella.&#8221;<br \/>\n(Tuomari: Rune Fagerstr\u00f6m, Suomi)<\/i><\/p>\n<div class=\"viiva\" style=\"clear: left;\"><\/div>\n<h3>Pennut<\/h3>\n<h4><b>Pandarellan \u00c5ke Rasmusson &#8221;Lassi&#8221;<\/b> [<a href=\"http:\/\/jalostus.kennelliitto.fi\/frmKoira.aspx?RekNo=FIN53559\/08&amp;R=296\" target=\"_blank\">KoiraNet<\/a>]<\/h4>\n<p>Soopeli, uros<br \/>\nCea-vapaa<br \/>\n<a href=\"http:\/\/www.petsie.fi\/pet.php?petid=52688\" target=\"_blank\">Lassin oma sivu Petsiess\u00e4<\/a><\/p>\n<p>&nbsp;<\/p>\n<figure style=\"width: 600px\" class=\"wp-caption alignnone\"><a href=\"http:\/\/www.haukotus.net\/albums\/koirat\/rasmus\/muita\/ullenpennut\/lassisena1v\/IMG_5392.jpg\"><img loading=\"lazy\" decoding=\"async\" src=\"http:\/\/www.haukotus.net\/albums\/koirat\/rasmus\/muita\/ullenpennut\/lassisena1v\/\/IMG_5392.jpg\" alt=\"Lassi 1v\" width=\"600\" height=\"400\" \/><\/a><figcaption class=\"wp-caption-text\">Pandarellan \u00c5ke Rasmusson 1v<\/figcaption><\/figure>\n<p><img decoding=\"async\" class=\"alignright\" src=\"\/gallery2\/d\/13076-1\/IMG_5462.jpg\" alt=\"\" width=\"260\" \/><\/p>\n<p>&nbsp;<\/p>\n<p><a href=\"http:\/\/kennelkeyword.net\/wp-content\/uploads\/2013\/11\/lassi.jpg\"><img loading=\"lazy\" decoding=\"async\" class=\"alignnone size-large wp-image-976\" src=\"http:\/\/kennelkeyword.net\/wp-content\/uploads\/2013\/11\/lassi-1024x683.jpg\" alt=\"lassi\" width=\"720\" height=\"480\" srcset=\"https:\/\/kennelkeyword.net\/wp-content\/uploads\/2013\/11\/lassi-1024x683.jpg 1024w, https:\/\/kennelkeyword.net\/wp-content\/uploads\/2013\/11\/lassi-150x100.jpg 150w, https:\/\/kennelkeyword.net\/wp-content\/uploads\/2013\/11\/lassi-300x200.jpg 300w, https:\/\/kennelkeyword.net\/wp-content\/uploads\/2013\/11\/lassi.jpg 1200w\" sizes=\"auto, (max-width: 720px) 100vw, 720px\" \/><\/a><\/p>\n<p>&nbsp;<\/p>\n<p><a href=\"http:\/\/www.haukotus.net\/albums\/koirat\/rasmus\/muita\/ullenpennut\/19vrk\/IMG_0280.jpg\"><img decoding=\"async\" style=\"height: 90px; border: #ccc 2px solid;\" src=\"http:\/\/www.haukotus.net\/albums\/koirat\/rasmus\/muita\/ullenpennut\/19vrk\/IMG_0280.jpg\" alt=\"Poika 19vrk\" \/><\/a>\u00a0<a href=\"http:\/\/www.haukotus.net\/albums\/koirat\/rasmus\/muita\/ullenpennut\/27vrk\/IMG_1174.jpg\"><img decoding=\"async\" style=\"height: 90px; border: #ccc 2px solid;\" src=\"http:\/\/www.haukotus.net\/albums\/koirat\/rasmus\/muita\/ullenpennut\/27vrk\/IMG_1174.jpg\" alt=\"Poika 4vko\" \/><\/a>\u00a0<a href=\"http:\/\/www.haukotus.net\/albums\/koirat\/rasmus\/muita\/ullenpennut\/5vko\/IMG_1964.jpg\"><img decoding=\"async\" style=\"height: 90px; border: #ccc 2px solid;\" src=\"http:\/\/www.haukotus.net\/albums\/koirat\/rasmus\/muita\/ullenpennut\/5vko\/IMG_1964.jpg\" alt=\"Poika 5vko\" \/><\/a><br \/>\n<a href=\"http:\/\/www.haukotus.net\/albums\/koirat\/rasmus\/muita\/ullenpennut\/6vko\/IMG_2434.jpg\"><img decoding=\"async\" style=\"height: 90px; border: #ccc 2px solid;\" src=\"http:\/\/www.haukotus.net\/albums\/koirat\/rasmus\/muita\/ullenpennut\/6vko\/IMG_2434.jpg\" alt=\"Poika 6vko\" \/>\u00a0<\/a><a href=\"http:\/\/www.haukotus.net\/albums\/koirat\/rasmus\/muita\/ullenpennut\/7vko\/Pennut7vko-635.jpg\"><img decoding=\"async\" style=\"height: 90px; border: #ccc 2px solid;\" src=\"http:\/\/www.haukotus.net\/albums\/koirat\/rasmus\/muita\/ullenpennut\/7vko\/Pennut7vko-635.jpg\" alt=\"Poika 7vko\" \/><\/a>\u00a0<a href=\"http:\/\/www.haukotus.net\/albums\/koirat\/rasmus\/muita\/ullenpennut\/lassijasena16vko\/IMG_5340.jpg\"><img decoding=\"async\" style=\"height: 90px; border: #ccc 2px solid;\" src=\"http:\/\/www.haukotus.net\/albums\/koirat\/rasmus\/muita\/ullenpennut\/lassijasena16vko\/IMG_5340.jpg\" alt=\"Lassi 16vko\" \/><\/a><\/p>\n<div class=\"viiva\" style=\"clear: left;\"><\/div>\n<h4><b>C.I.B FI &amp; SE &amp; EE MVA TLNW-12 Pandarellan \u00c5sa Rasdotter &#8221;Sena&#8221;<\/b> [<a href=\"http:\/\/jalostus.kennelliitto.fi\/frmKoira.aspx?RekNo=FIN53560\/08&amp;R=296\" target=\"_blank\">KoiraNet<\/a>]<br \/>\n[<a title=\"Pandarellan \u00c5sa Rasdotter\" href=\"http:\/\/kennelkeyword.net\/?page_id=44\">Oma sivu<\/a>]<\/h4>\n<p>Tricolour, narttu<br \/>\nCea-vapaa, A-lonkat, 0-kyyn\u00e4rp\u00e4\u00e4t, selk\u00e4 terve<br \/>\nDNA-testattu Cea-kantaja, MDR1 +\/-, DM N\/N<br \/>\nMH-kuvaus suoritettu ja luonnetesti hyv\u00e4ksytty.<\/p>\n<p><img decoding=\"async\" style=\"float: left;\" src=\"http:\/\/www.haukotus.net\/albums\/koirat\/sena\/poset\/IMG_2545.jpg\" alt=\"\" width=\"250\" \/> <a href=\"http:\/\/www.haukotus.net\/albums\/koirat\/sena\/poset\/IMG_2476.jpg\"><img decoding=\"async\" style=\"height: 374px; border: #ccc 2px solid;\" src=\"http:\/\/www.haukotus.net\/albums\/koirat\/sena\/poset\/IMG_2476.jpg\" alt=\"Sena 2.5v\" \/><\/a><\/p>\n<p><i class=\"kuvateksti\">Pandarellan \u00c5sa Rasdotter 3v<\/i><\/p>\n<p><a href=\"http:\/\/www.haukotus.net\/albums\/koirat\/rasmus\/muita\/ullenpennut\/19vrk\/19vrk\/IMG_0399.jpg\"><img decoding=\"async\" style=\"height: 90px; border: #ccc 2px solid;\" src=\"http:\/\/www.haukotus.net\/albums\/koirat\/rasmus\/muita\/ullenpennut\/19vrk\/IMG_0399.jpg\" alt=\"Tytt\u00f6 19vrk\" \/><\/a>\u00a0<a href=\"http:\/\/www.haukotus.net\/albums\/koirat\/rasmus\/muita\/ullenpennut\/27vrk\/IMG_1244.jpg\"><img decoding=\"async\" style=\"height: 90px; border: #ccc 2px solid;\" src=\"http:\/\/www.haukotus.net\/albums\/koirat\/rasmus\/muita\/ullenpennut\/27vrk\/IMG_1244.jpg\" alt=\"Tytt\u00f6 4vko\" \/><\/a>\u00a0<a href=\"http:\/\/www.haukotus.net\/albums\/koirat\/rasmus\/muita\/ullenpennut\/6vko\/IMG_2342.jpg\"><img decoding=\"async\" style=\"height: 90px; border: #ccc 2px solid;\" src=\"http:\/\/www.haukotus.net\/albums\/koirat\/rasmus\/muita\/ullenpennut\/6vko\/IMG_2342.jpg\" alt=\"Tytt\u00f6 6vko\" \/><\/a><\/p>\n<p><a href=\"http:\/\/www.haukotus.net\/albums\/koirat\/sena\/poset\/IMG_3955.jpg\"><img decoding=\"async\" style=\"height: 90px; border: #ccc 2px solid;\" src=\"http:\/\/www.haukotus.net\/albums\/koirat\/sena\/poset\/IMG_3955.jpg\" alt=\"Tytt\u00f6 10vko\" \/><\/a> <a href=\"http:\/\/www.haukotus.net\/albums\/koirat\/sena\/poset\/061208\/IMG_4882.jpg\"><img decoding=\"async\" style=\"height: 90px; border: #ccc 2px solid;\" src=\"http:\/\/www.haukotus.net\/albums\/koirat\/sena\/poset\/061208\/IMG_4882.jpg\" alt=\"Sena 15vko\" \/><\/a> <a href=\"http:\/\/www.haukotus.net\/albums\/koirat\/sena\/poset\/IMG_0066.jpg\"><img decoding=\"async\" style=\"height: 90px; border: #ccc 2px solid;\" src=\"http:\/\/www.haukotus.net\/albums\/koirat\/sena\/poset\/IMG_0066.jpg\" alt=\"Sena 5kk\" \/><\/a><\/p>\n<p><a href=\"http:\/\/www.haukotus.net\/albums\/koirat\/sena\/poset\/IMG_7614.jpg\"><img decoding=\"async\" style=\"height: 90px; border: #ccc 2px solid;\" src=\"http:\/\/www.haukotus.net\/albums\/koirat\/sena\/poset\/IMG_7614.jpg\" alt=\"Sena 8kk\" \/><\/a>\u00a0<a href=\"http:\/\/www.haukotus.net\/albums\/koirat\/sena\/poset\/IMG_4645.jpg\"><img decoding=\"async\" style=\"height: 90px; border: #ccc 2px solid;\" src=\"http:\/\/www.haukotus.net\/albums\/koirat\/sena\/poset\/\/IMG_4645.jpg\" alt=\"Sena 1v\" \/><\/a><\/p>\n","protected":false},"excerpt":{"rendered":"<p>Rasmuksen j\u00e4lkel\u00e4isi\u00e4 Pandarellan \u00c5-pentue Kasvattaja: Virve Friman-Tiihonen, Jyv\u00e4skyl\u00e4n maalaiskunta (Palokka) Synt. 25.8.2008 Pentueeseen syntyi yksi soopeliuros ja yksi trikkinarttu. Yhteiskuvassa pennut noin 6vko. Pentujen kuvia Pentueen em\u00e4 Pandarellan Ulle Dulle Doff Silm\u00e4t : Cea-vapaa Lonkat[&#8230;]<\/p>\n","protected":false},"author":1,"featured_media":0,"parent":17,"menu_order":0,"comment_status":"closed","ping_status":"closed","template":"","meta":{"ngg_post_thumbnail":0,"footnotes":""},"class_list":["post-298","page","type-page","status-publish","hentry"],"_links":{"self":[{"href":"https:\/\/kennelkeyword.net\/index.php?rest_route=\/wp\/v2\/pages\/298","targetHints":{"allow":["GET"]}}],"collection":[{"href":"https:\/\/kennelkeyword.net\/index.php?rest_route=\/wp\/v2\/pages"}],"about":[{"href":"https:\/\/kennelkeyword.net\/index.php?rest_route=\/wp\/v2\/types\/page"}],"author":[{"embeddable":true,"href":"https:\/\/kennelkeyword.net\/index.php?rest_route=\/wp\/v2\/users\/1"}],"replies":[{"embeddable":true,"href":"https:\/\/kennelkeyword.net\/index.php?rest_route=%2Fwp%2Fv2%2Fcomments&post=298"}],"version-history":[{"count":9,"href":"https:\/\/kennelkeyword.net\/index.php?rest_route=\/wp\/v2\/pages\/298\/revisions"}],"predecessor-version":[{"id":1800,"href":"https:\/\/kennelkeyword.net\/index.php?rest_route=\/wp\/v2\/pages\/298\/revisions\/1800"}],"up":[{"embeddable":true,"href":"https:\/\/kennelkeyword.net\/index.php?rest_route=\/wp\/v2\/pages\/17"}],"wp:attachment":[{"href":"https:\/\/kennelkeyword.net\/index.php?rest_route=%2Fwp%2Fv2%2Fmedia&parent=298"}],"curies":[{"name":"wp","href":"https:\/\/api.w.org\/{rel}","templated":true}]}}