{"id":2442,"date":"2018-10-02T10:39:56","date_gmt":"2018-10-02T07:39:56","guid":{"rendered":"http:\/\/kennelkeyword.net\/?page_id=2442"},"modified":"2026-02-08T13:40:43","modified_gmt":"2026-02-08T11:40:43","slug":"v-pennut-14-8-2018","status":"publish","type":"page","link":"https:\/\/kennelkeyword.net\/?page_id=2442","title":{"rendered":"V-pennut (14.8.2018)"},"content":{"rendered":"\n<figure class=\"wp-block-image size-large\"><img loading=\"lazy\" decoding=\"async\" width=\"1024\" height=\"683\" src=\"https:\/\/kennelkeyword.net\/wp-content\/uploads\/2020\/10\/9D8A7299-1024x683.jpg\" alt=\"\" class=\"wp-image-3156\" srcset=\"https:\/\/kennelkeyword.net\/wp-content\/uploads\/2020\/10\/9D8A7299-1024x683.jpg 1024w, https:\/\/kennelkeyword.net\/wp-content\/uploads\/2020\/10\/9D8A7299-300x200.jpg 300w, https:\/\/kennelkeyword.net\/wp-content\/uploads\/2020\/10\/9D8A7299-150x100.jpg 150w, https:\/\/kennelkeyword.net\/wp-content\/uploads\/2020\/10\/9D8A7299-768x512.jpg 768w, https:\/\/kennelkeyword.net\/wp-content\/uploads\/2020\/10\/9D8A7299-850x567.jpg 850w, https:\/\/kennelkeyword.net\/wp-content\/uploads\/2020\/10\/9D8A7299.jpg 1200w\" sizes=\"auto, (max-width: 1024px) 100vw, 1024px\" \/><figcaption class=\"wp-element-caption\">Sauber ja Martti 2-vuotiaina.<\/figcaption><\/figure>\n\n\n\n<hr class=\"wp-block-separator has-css-opacity\"\/>\n\n\n<p>Lulun <strong>(Keyword Sugar Rush)<\/strong>&nbsp;ja Malkinin (<strong>Secret Affair&#8217;s Unleash Ur Instinct)<\/strong> pieni pentue syntyi keisarinleikkauksella 14.8.2018. Pentueessa on kaksi tricolor-v\u00e4rist\u00e4 urospentua.<\/p>\n<p><a href=\"http:\/\/kennelkeyword.net\/wp-content\/uploads\/2018\/08\/IMG_20180815_114323.jpg\"><img loading=\"lazy\" decoding=\"async\" class=\"size-medium wp-image-2376 alignleft\" src=\"http:\/\/kennelkeyword.net\/wp-content\/uploads\/2018\/08\/IMG_20180815_114323-300x240.jpg\" alt=\"\" width=\"300\" height=\"240\" srcset=\"https:\/\/kennelkeyword.net\/wp-content\/uploads\/2018\/08\/IMG_20180815_114323-300x240.jpg 300w, https:\/\/kennelkeyword.net\/wp-content\/uploads\/2018\/08\/IMG_20180815_114323-150x120.jpg 150w, https:\/\/kennelkeyword.net\/wp-content\/uploads\/2018\/08\/IMG_20180815_114323-768x614.jpg 768w, https:\/\/kennelkeyword.net\/wp-content\/uploads\/2018\/08\/IMG_20180815_114323.jpg 1000w\" sizes=\"auto, (max-width: 300px) 100vw, 300px\" \/><\/a><a href=\"http:\/\/kennelkeyword.net\/wp-content\/uploads\/2018\/10\/IMG_6791.jpg\"><img loading=\"lazy\" decoding=\"async\" class=\"alignnone wp-image-2456\" src=\"http:\/\/kennelkeyword.net\/wp-content\/uploads\/2018\/10\/IMG_6791-300x200.jpg\" alt=\"\" width=\"360\" height=\"240\" srcset=\"https:\/\/kennelkeyword.net\/wp-content\/uploads\/2018\/10\/IMG_6791-300x200.jpg 300w, https:\/\/kennelkeyword.net\/wp-content\/uploads\/2018\/10\/IMG_6791-150x100.jpg 150w, https:\/\/kennelkeyword.net\/wp-content\/uploads\/2018\/10\/IMG_6791-768x512.jpg 768w, https:\/\/kennelkeyword.net\/wp-content\/uploads\/2018\/10\/IMG_6791-1024x683.jpg 1024w, https:\/\/kennelkeyword.net\/wp-content\/uploads\/2018\/10\/IMG_6791.jpg 1200w\" sizes=\"auto, (max-width: 360px) 100vw, 360px\" \/><\/a><\/p>\n<hr>\n<p>&nbsp;<\/p>\n<p><a href=\"http:\/\/kennelkeyword.net\/wp-content\/uploads\/2018\/10\/IMG_4918.jpg\"><img decoding=\"async\" class=\"alignleft wp-image-2446\" src=\"http:\/\/kennelkeyword.net\/wp-content\/uploads\/2018\/10\/IMG_4918-683x1024.jpg\" alt=\"\" width=\"350\" srcset=\"https:\/\/kennelkeyword.net\/wp-content\/uploads\/2018\/10\/IMG_4918-683x1024.jpg 683w, https:\/\/kennelkeyword.net\/wp-content\/uploads\/2018\/10\/IMG_4918-100x150.jpg 100w, https:\/\/kennelkeyword.net\/wp-content\/uploads\/2018\/10\/IMG_4918-200x300.jpg 200w, https:\/\/kennelkeyword.net\/wp-content\/uploads\/2018\/10\/IMG_4918-768x1152.jpg 768w, https:\/\/kennelkeyword.net\/wp-content\/uploads\/2018\/10\/IMG_4918.jpg 800w\" sizes=\"(max-width: 683px) 100vw, 683px\" \/><\/a><\/p>\n<h4 style=\"text-align: left;\">C.I.B. FI&amp;SE&amp;NO&amp;EE MVA EEV-24 TLNW-25<br>FI PVA PAIM3 RTK1<br>Keyword Valiant &#8211; &#8221;Sauber&#8221;<\/h4>\n<p>Tricolor&nbsp;uros<br>Kastroitu 6\/2025<\/p>\n<p>\u00bb <a href=\"http:\/\/www.smooth-collie.net\/view.php?id=15640\">Smooth Collie Database<\/a><br>\u00bb <a href=\"https:\/\/jalostus.kennelliitto.fi\/frmKoira.aspx?RekNo=FI46363%2F18&amp;R=296\">KoiraNet<\/a><\/p>\n<p><b>Silm\u00e4t<\/b>: cea-vapaa pentuna ja 14kk, Distichiasis 5v<br><strong>Lonkat:<\/strong> A\/A<br><strong>Kyyn\u00e4rp\u00e4\u00e4t:<\/strong> 0\/0<br><strong>Selk\u00e4:<\/strong> LTV0, VA1, SP0<br>(viimeiset kylkiluut vajaakehittyneet)<\/p>\n<p>Harrastaa tokoa, rallytokoa (RTK1) ja paimennusta. Suorittanut paimennuksen taipumuskokeen (Paim-T ERI) sek\u00e4 kilpailee nykyisin ylimm\u00e4ss\u00e4 PAIM3 luokassa ja on paimennusvalio.<\/p>\n<p><a href=\"https:\/\/kennelkeyword.net\/wp-content\/uploads\/2025\/07\/9D8A3839-scaled.jpg\"><img decoding=\"async\" class=\"alignleft size-full wp-image-3541\" src=\"https:\/\/kennelkeyword.net\/wp-content\/uploads\/2025\/07\/9D8A3839-scaled.jpg\" alt=\"\" width=\"720\" srcset=\"https:\/\/kennelkeyword.net\/wp-content\/uploads\/2025\/07\/9D8A3839-scaled.jpg 2560w, https:\/\/kennelkeyword.net\/wp-content\/uploads\/2025\/07\/9D8A3839-300x200.jpg 300w, https:\/\/kennelkeyword.net\/wp-content\/uploads\/2025\/07\/9D8A3839-1024x683.jpg 1024w, https:\/\/kennelkeyword.net\/wp-content\/uploads\/2025\/07\/9D8A3839-150x100.jpg 150w, https:\/\/kennelkeyword.net\/wp-content\/uploads\/2025\/07\/9D8A3839-768x512.jpg 768w, https:\/\/kennelkeyword.net\/wp-content\/uploads\/2025\/07\/9D8A3839-1536x1024.jpg 1536w, https:\/\/kennelkeyword.net\/wp-content\/uploads\/2025\/07\/9D8A3839-2048x1365.jpg 2048w, https:\/\/kennelkeyword.net\/wp-content\/uploads\/2025\/07\/9D8A3839-850x567.jpg 850w\" sizes=\"(max-width: 2560px) 100vw, 2560px\" \/><\/a><\/p>\n<p><a href=\"http:\/\/kennelkeyword.net\/wp-content\/uploads\/2019\/10\/9D8A0395.jpg\"><img decoding=\"async\" class=\"wp-image-2900  alignnone\" src=\"http:\/\/kennelkeyword.net\/wp-content\/uploads\/2019\/10\/9D8A0395-1024x683.jpg\" alt=\"Keyword Valiant\" width=\"720\" srcset=\"https:\/\/kennelkeyword.net\/wp-content\/uploads\/2019\/10\/9D8A0395-1024x683.jpg 1024w, https:\/\/kennelkeyword.net\/wp-content\/uploads\/2019\/10\/9D8A0395-150x100.jpg 150w, https:\/\/kennelkeyword.net\/wp-content\/uploads\/2019\/10\/9D8A0395-300x200.jpg 300w, https:\/\/kennelkeyword.net\/wp-content\/uploads\/2019\/10\/9D8A0395-768x512.jpg 768w, https:\/\/kennelkeyword.net\/wp-content\/uploads\/2019\/10\/9D8A0395-370x247.jpg 370w, https:\/\/kennelkeyword.net\/wp-content\/uploads\/2019\/10\/9D8A0395-1040x693.jpg 1040w, https:\/\/kennelkeyword.net\/wp-content\/uploads\/2019\/10\/9D8A0395.jpg 1200w\" sizes=\"(max-width: 1024px) 100vw, 1024px\" \/><\/a><\/p>\n<p><a href=\"http:\/\/kennelkeyword.net\/wp-content\/uploads\/2018\/10\/IMG_6168.jpg\"><img loading=\"lazy\" decoding=\"async\" class=\"alignleft wp-image-2451 size-large\" src=\"http:\/\/kennelkeyword.net\/wp-content\/uploads\/2018\/10\/IMG_6168-1024x683.jpg\" alt=\"\" width=\"720\" height=\"480\" srcset=\"https:\/\/kennelkeyword.net\/wp-content\/uploads\/2018\/10\/IMG_6168-1024x683.jpg 1024w, https:\/\/kennelkeyword.net\/wp-content\/uploads\/2018\/10\/IMG_6168-150x100.jpg 150w, https:\/\/kennelkeyword.net\/wp-content\/uploads\/2018\/10\/IMG_6168-300x200.jpg 300w, https:\/\/kennelkeyword.net\/wp-content\/uploads\/2018\/10\/IMG_6168-768x512.jpg 768w, https:\/\/kennelkeyword.net\/wp-content\/uploads\/2018\/10\/IMG_6168.jpg 1200w\" sizes=\"auto, (max-width: 720px) 100vw, 720px\" \/><\/a><\/p>\n<p>&nbsp;<\/p>\n<p><a href=\"http:\/\/kennelkeyword.net\/wp-content\/uploads\/2018\/10\/IMG_6436.jpg\"><img loading=\"lazy\" decoding=\"async\" class=\"wp-image-2453 size-large alignnone\" src=\"http:\/\/kennelkeyword.net\/wp-content\/uploads\/2018\/10\/IMG_6436-1024x683.jpg\" alt=\"\" width=\"720\" height=\"480\" srcset=\"https:\/\/kennelkeyword.net\/wp-content\/uploads\/2018\/10\/IMG_6436-1024x683.jpg 1024w, https:\/\/kennelkeyword.net\/wp-content\/uploads\/2018\/10\/IMG_6436-150x100.jpg 150w, https:\/\/kennelkeyword.net\/wp-content\/uploads\/2018\/10\/IMG_6436-300x200.jpg 300w, https:\/\/kennelkeyword.net\/wp-content\/uploads\/2018\/10\/IMG_6436-768x512.jpg 768w, https:\/\/kennelkeyword.net\/wp-content\/uploads\/2018\/10\/IMG_6436.jpg 1200w\" sizes=\"auto, (max-width: 720px) 100vw, 720px\" \/><\/a><\/p>\n<p>&nbsp;<\/p>\n<p>&nbsp;<\/p>\n<hr>\n<p><strong>&nbsp;<\/strong><\/p>\n<h4>&nbsp;<a href=\"http:\/\/kennelkeyword.net\/wp-content\/uploads\/2018\/10\/IMG_4893.jpg\"><img loading=\"lazy\" decoding=\"async\" class=\"alignleft wp-image-2445\" src=\"http:\/\/kennelkeyword.net\/wp-content\/uploads\/2018\/10\/IMG_4893-683x1024.jpg\" alt=\"\" width=\"300\" height=\"450\" srcset=\"https:\/\/kennelkeyword.net\/wp-content\/uploads\/2018\/10\/IMG_4893-683x1024.jpg 683w, https:\/\/kennelkeyword.net\/wp-content\/uploads\/2018\/10\/IMG_4893-100x150.jpg 100w, https:\/\/kennelkeyword.net\/wp-content\/uploads\/2018\/10\/IMG_4893-200x300.jpg 200w, https:\/\/kennelkeyword.net\/wp-content\/uploads\/2018\/10\/IMG_4893-768x1152.jpg 768w, https:\/\/kennelkeyword.net\/wp-content\/uploads\/2018\/10\/IMG_4893.jpg 800w\" sizes=\"auto, (max-width: 300px) 100vw, 300px\" \/><\/a><\/h4>\n<h4>Keyword Vantage<br>&#8221;Martti&#8221;<\/h4>\n<p>Tricolor uros<br>s. 14.8.2018<br>k. 17.1.2026 (Cushinging oireyhtym\u00e4)<br><br>\u00bb <a href=\"http:\/\/www.smooth-collie.net\/view.php?id=15639\">Smooth Collie Database<\/a><br>\u00bb <a href=\"https:\/\/jalostus.kennelliitto.fi\/frmKoira.aspx?RekNo=FI46364%2F18&amp;R=296\" target=\"_blank\" rel=\"noopener noreferrer\">KoiraNet<\/a><\/p>\n<p><b>Silm\u00e4t<\/b>: crd pentuna<br><strong>Lonkat:<\/strong> A\/A<br><strong>Kyyn\u00e4rp\u00e4\u00e4t:<\/strong> 0\/0<br><strong>Selk\u00e4:<\/strong> LTV0, VA1 (viimeiset kylkiluut vajaakehittyneet)<br>Cushingin oireyhtym\u00e4 diagnosoitu kev\u00e4\u00e4ll\u00e4 2025.&nbsp;<\/p>\n<p>Harrastanut nuorempana agility\u00e4.<\/p>\n<p>&nbsp;<\/p>\n<p>&nbsp;<\/p>\n<h4><a href=\"http:\/\/kennelkeyword.net\/wp-content\/uploads\/2018\/10\/IMG_6085.jpg\"><img loading=\"lazy\" decoding=\"async\" class=\"alignleft wp-image-2450 size-large\" src=\"http:\/\/kennelkeyword.net\/wp-content\/uploads\/2018\/10\/IMG_6085-1024x683.jpg\" alt=\"\" width=\"720\" height=\"480\" srcset=\"https:\/\/kennelkeyword.net\/wp-content\/uploads\/2018\/10\/IMG_6085-1024x683.jpg 1024w, https:\/\/kennelkeyword.net\/wp-content\/uploads\/2018\/10\/IMG_6085-150x100.jpg 150w, https:\/\/kennelkeyword.net\/wp-content\/uploads\/2018\/10\/IMG_6085-300x200.jpg 300w, https:\/\/kennelkeyword.net\/wp-content\/uploads\/2018\/10\/IMG_6085-768x512.jpg 768w, https:\/\/kennelkeyword.net\/wp-content\/uploads\/2018\/10\/IMG_6085.jpg 1200w\" sizes=\"auto, (max-width: 720px) 100vw, 720px\" \/><\/a><\/h4>\n<p><a href=\"http:\/\/kennelkeyword.net\/wp-content\/uploads\/2018\/10\/IMG_6072.jpg\"><img loading=\"lazy\" decoding=\"async\" class=\"wp-image-2449 size-large alignnone\" src=\"http:\/\/kennelkeyword.net\/wp-content\/uploads\/2018\/10\/IMG_6072-1024x683.jpg\" alt=\"\" width=\"720\" height=\"480\" srcset=\"https:\/\/kennelkeyword.net\/wp-content\/uploads\/2018\/10\/IMG_6072-1024x683.jpg 1024w, https:\/\/kennelkeyword.net\/wp-content\/uploads\/2018\/10\/IMG_6072-150x100.jpg 150w, https:\/\/kennelkeyword.net\/wp-content\/uploads\/2018\/10\/IMG_6072-300x200.jpg 300w, https:\/\/kennelkeyword.net\/wp-content\/uploads\/2018\/10\/IMG_6072-768x512.jpg 768w, https:\/\/kennelkeyword.net\/wp-content\/uploads\/2018\/10\/IMG_6072.jpg 1200w\" sizes=\"auto, (max-width: 720px) 100vw, 720px\" \/><\/a>&nbsp;<\/p>\n<p>&nbsp;<\/p>\nngg_shortcode_0_placeholder\n<p><!--Is\u00e4n\u00e4&nbsp;<strong>Secret Affair\u2019s Unleash Ur Instinct.&nbsp;\n<\/strong><a href=\"http:\/\/www.smooth-collie.net\/virtualped.php?s=9580&amp;d=12682&amp;ped=5\">Yhdistelm\u00e4n sukutaulu<\/a> --><a href=\"https:\/\/jalostus.kennelliitto.fi\/frmSukutaulu.aspx?RekNoI=FI34617\/12&amp;ReknoE=FI35265\/15\">Pentueen sukutaulu (Koiranet)<\/a><\/p>\n<figure id=\"attachment_2355\" aria-describedby=\"caption-attachment-2355\" style=\"width: 348px\" class=\"wp-caption alignleft\"><a href=\"http:\/\/kennelkeyword.net\/wp-content\/uploads\/2018\/07\/IMG_2810.jpg\"><img loading=\"lazy\" decoding=\"async\" class=\"wp-image-2355\" src=\"http:\/\/kennelkeyword.net\/wp-content\/uploads\/2018\/07\/IMG_2810-300x200.jpg\" alt=\"\" width=\"348\" height=\"232\" srcset=\"https:\/\/kennelkeyword.net\/wp-content\/uploads\/2018\/07\/IMG_2810-300x200.jpg 300w, https:\/\/kennelkeyword.net\/wp-content\/uploads\/2018\/07\/IMG_2810-150x100.jpg 150w, https:\/\/kennelkeyword.net\/wp-content\/uploads\/2018\/07\/IMG_2810-768x512.jpg 768w, https:\/\/kennelkeyword.net\/wp-content\/uploads\/2018\/07\/IMG_2810-1024x683.jpg 1024w, https:\/\/kennelkeyword.net\/wp-content\/uploads\/2018\/07\/IMG_2810.jpg 1200w\" sizes=\"auto, (max-width: 348px) 100vw, 348px\" \/><\/a><figcaption id=\"caption-attachment-2355\" class=\"wp-caption-text\">Keyword Sugar Rush<\/figcaption><\/figure>\n<p>&nbsp;<\/p>\n<figure id=\"attachment_2356\" aria-describedby=\"caption-attachment-2356\" style=\"width: 300px\" class=\"wp-caption alignleft\"><a href=\"http:\/\/kennelkeyword.net\/wp-content\/uploads\/2018\/07\/Malkin_SecretAffairsUnleashUrInstinct.jpg\"><img loading=\"lazy\" decoding=\"async\" class=\"size-medium wp-image-2356\" src=\"http:\/\/kennelkeyword.net\/wp-content\/uploads\/2018\/07\/Malkin_SecretAffairsUnleashUrInstinct-300x232.jpg\" alt=\"\" width=\"300\" height=\"232\" srcset=\"https:\/\/kennelkeyword.net\/wp-content\/uploads\/2018\/07\/Malkin_SecretAffairsUnleashUrInstinct-300x232.jpg 300w, https:\/\/kennelkeyword.net\/wp-content\/uploads\/2018\/07\/Malkin_SecretAffairsUnleashUrInstinct-150x116.jpg 150w, https:\/\/kennelkeyword.net\/wp-content\/uploads\/2018\/07\/Malkin_SecretAffairsUnleashUrInstinct-768x595.jpg 768w, https:\/\/kennelkeyword.net\/wp-content\/uploads\/2018\/07\/Malkin_SecretAffairsUnleashUrInstinct.jpg 909w\" sizes=\"auto, (max-width: 300px) 100vw, 300px\" \/><\/a><figcaption id=\"caption-attachment-2356\" class=\"wp-caption-text\">Secret Affair&#8217;s Unleash Ur Instinct<\/figcaption><\/figure>\n<div style=\"clear: both;\">&nbsp;<\/div>\n<table style=\"width: 700px;\">\n<tbody>\n<tr>\n<td width=\"50%\">\n<p style=\"padding-left: 30px;\"><strong>em\u00e4:<\/strong><\/p>\n<p style=\"padding-left: 30px;\"><strong>Keyword Sugar Rush<br>&#8221;Lulu&#8221;<\/strong><br>Silm\u00e4t: terveet pentuna, distichiasis 20kk<br>Lonkat: A\/A<br>Kyyn\u00e4rp\u00e4\u00e4t: 0\/0<br>Selk\u00e4: LTV0<br>CEA carrier, DM N\/N, MDR1 +\/-<br>FGF5 GG (pure-for-smooth)<br>N\u00e4yttelyst\u00e4 ERI<br>Rally-toko ALO HYV.<\/p>\n<p>&nbsp;<\/p>\n<\/td>\n<td width=\"50%\">\n<p style=\"padding-left: 30px;\"><strong>is\u00e4:<\/strong><\/p>\n<p style=\"padding-left: 30px;\"><strong>Secret Affair&#8217;s Unleash Ur Instinct<br>&#8221;Malkin&#8221;<br><\/strong>Silm\u00e4t: terveet<br>Lonkat: A\/A<br>Kyyn\u00e4rp\u00e4\u00e4t: 0\/0<\/p>\n<p style=\"padding-left: 30px;\">N\u00e4yttelyst\u00e4 ERI<br>Aiemmin kolme pentuetta.<\/p>\n<p style=\"padding-left: 30px;\"><em>kuva: Sari Mattero<\/em><\/p>\n<p>&nbsp;<\/p>\n<\/td>\n<\/tr>\n<\/tbody>\n<\/table>\n<p>&nbsp;<\/p>","protected":false},"excerpt":{"rendered":"<p>Lulun (Keyword Sugar Rush)&nbsp;ja Malkinin (Secret Affair&#8217;s Unleash Ur Instinct) pieni pentue syntyi keisarinleikkauksella 14.8.2018. Pentueessa on kaksi tricolor-v\u00e4rist\u00e4 urospentua. &nbsp; C.I.B. FI&amp;SE&amp;NO&amp;EE MVA EEV-24 TLNW-25FI PVA PAIM3 RTK1Keyword Valiant &#8211; &#8221;Sauber&#8221; Tricolor&nbsp;urosKastroitu 6\/2025 \u00bb[&#8230;]<\/p>\n","protected":false},"author":1,"featured_media":0,"parent":60,"menu_order":3,"comment_status":"closed","ping_status":"closed","template":"","meta":{"ngg_post_thumbnail":0,"footnotes":""},"class_list":["post-2442","page","type-page","status-publish","hentry"],"_links":{"self":[{"href":"https:\/\/kennelkeyword.net\/index.php?rest_route=\/wp\/v2\/pages\/2442","targetHints":{"allow":["GET"]}}],"collection":[{"href":"https:\/\/kennelkeyword.net\/index.php?rest_route=\/wp\/v2\/pages"}],"about":[{"href":"https:\/\/kennelkeyword.net\/index.php?rest_route=\/wp\/v2\/types\/page"}],"author":[{"embeddable":true,"href":"https:\/\/kennelkeyword.net\/index.php?rest_route=\/wp\/v2\/users\/1"}],"replies":[{"embeddable":true,"href":"https:\/\/kennelkeyword.net\/index.php?rest_route=%2Fwp%2Fv2%2Fcomments&post=2442"}],"version-history":[{"count":29,"href":"https:\/\/kennelkeyword.net\/index.php?rest_route=\/wp\/v2\/pages\/2442\/revisions"}],"predecessor-version":[{"id":3602,"href":"https:\/\/kennelkeyword.net\/index.php?rest_route=\/wp\/v2\/pages\/2442\/revisions\/3602"}],"up":[{"embeddable":true,"href":"https:\/\/kennelkeyword.net\/index.php?rest_route=\/wp\/v2\/pages\/60"}],"wp:attachment":[{"href":"https:\/\/kennelkeyword.net\/index.php?rest_route=%2Fwp%2Fv2%2Fmedia&parent=2442"}],"curies":[{"name":"wp","href":"https:\/\/api.w.org\/{rel}","templated":true}]}}