{"id":208,"date":"2013-09-17T20:41:27","date_gmt":"2013-09-17T17:41:27","guid":{"rendered":"http:\/\/kennelkeyword.net\/?page_id=208"},"modified":"2019-10-02T20:52:41","modified_gmt":"2019-10-02T17:52:41","slug":"lt-mh-sena","status":"publish","type":"page","link":"https:\/\/kennelkeyword.net\/?page_id=208","title":{"rendered":"LT &#038; MH (Sena)"},"content":{"rendered":"<h3>&nbsp;<\/h3>\n<h3>Pandarellan \u00c5sa Rasdotter<\/h3>\n<h4>&nbsp;Senan luonnetesti<\/h4>\n<p>24.10.2010 Kotka<\/p>\n<p>Tuomarit: Bengt S\u00f6derholm ja Tarja Matsuoi<br \/>\nYhteispisteet +167 pistett\u00e4, laukauskokematon<br \/>\nHyv\u00e4ksytty luonnetesti.<\/p>\n<p>&nbsp;<\/p>\n<p><img decoding=\"async\" src=\"http:\/\/haukotus.net\/albums\/koirat\/sena\/lt\/IMG_4151.jpg\" alt=\"Sena puolustaa\" width=\"538\"><\/p>\n<p><a href=\"http:\/\/haukotus.net\/albums\/koirat\/sena\/lt\">Kuvia testist\u00e4<\/a><\/p>\n<table border=\"0\">\n<tbody>\n<tr>\n<th>Ominaisuus<\/th>\n<th>Kerroin<\/th>\n<th>Pisteet<\/th>\n<th>Sanallinen kuvaus<\/th>\n<\/tr>\n<tr class=\"rivi1\">\n<td class=\"ominaisuus\">Toimintakyky<\/td>\n<td class=\"kerroin\">15<\/td>\n<td class=\"pisteet\">+2<\/td>\n<td class=\"kuvaus\">Hyv\u00e4<\/td>\n<\/tr>\n<tr>\n<td class=\"ominaisuus\">Ter\u00e4vyys<\/td>\n<td class=\"kerroin\">1<\/td>\n<td class=\"pisteet\">+1<\/td>\n<td class=\"kuvaus\">Pieni ilman j\u00e4ljellej\u00e4\u00e4v\u00e4\u00e4 hy\u00f6kk\u00e4yshalua<\/td>\n<\/tr>\n<tr class=\"rivi1\">\n<td class=\"ominaisuus\">Puolustushalu<\/td>\n<td class=\"kerroin\">1<\/td>\n<td class=\"pisteet\">+3<\/td>\n<td class=\"kuvaus\">Kohtuullinen, hillitty<\/td>\n<\/tr>\n<tr>\n<td class=\"ominaisuus\">Taisteluhalu<\/td>\n<td class=\"kerroin\">10<\/td>\n<td class=\"pisteet\">+3<\/td>\n<td class=\"kuvaus\">Suuri<\/td>\n<\/tr>\n<tr class=\"rivi1\">\n<td class=\"ominaisuus\">Hermorakenne<\/td>\n<td class=\"kerroin\">35<\/td>\n<td class=\"pisteet\">+1<\/td>\n<td class=\"kuvaus\">Hieman rauhaton<\/td>\n<\/tr>\n<tr>\n<td class=\"ominaisuus\">Temperamentti<\/td>\n<td class=\"kerroin\">15<\/td>\n<td class=\"pisteet\">+1<\/td>\n<td class=\"kuvaus\">Eritt\u00e4in vilkas<\/td>\n<\/tr>\n<tr class=\"rivi1\">\n<td class=\"ominaisuus\">Kovuus<\/td>\n<td class=\"kerroin\">8<\/td>\n<td class=\"pisteet\">+1<\/td>\n<td class=\"kuvaus\">Hieman pehme\u00e4<\/td>\n<\/tr>\n<tr>\n<td class=\"ominaisuus\">Luoksep\u00e4\u00e4st\u00e4vyys<\/td>\n<td class=\"kerroin\">15<\/td>\n<td class=\"pisteet\">+3<\/td>\n<td class=\"kuvaus\">Hyv\u00e4ntahtoinen, luoksep\u00e4\u00e4st\u00e4v\u00e4, avoin<\/td>\n<\/tr>\n<tr class=\"rivi1\">\n<td class=\"ominaisuus\">Laukauspelottomuus<\/td>\n<td class=\"kerroin\">&nbsp;<\/td>\n<td class=\"pisteet\">++<\/td>\n<td class=\"kuvaus\">Laukauskokematon<\/td>\n<\/tr>\n<\/tbody>\n<\/table>\n<p><object width=\"640\" height=\"385\" classid=\"clsid:d27cdb6e-ae6d-11cf-96b8-444553540000\" codebase=\"http:\/\/download.macromedia.com\/pub\/shockwave\/cabs\/flash\/swflash.cab#version=6,0,40,0\"><param name=\"allowFullScreen\" value=\"true\"><param name=\"allowscriptaccess\" value=\"always\"><param name=\"src\" value=\"http:\/\/www.youtube.com\/v\/DSo9Bgfi2vM?fs=1&amp;hl=fi_FI&amp;color1=0x402061&amp;color2=0x9461ca\"><param name=\"allowfullscreen\" value=\"true\"><embed width=\"640\" height=\"385\" type=\"application\/x-shockwave-flash\" src=\"http:\/\/www.youtube.com\/v\/DSo9Bgfi2vM?fs=1&amp;hl=fi_FI&amp;color1=0x402061&amp;color2=0x9461ca\" allowfullscreen=\"allowfullscreen\" allowscriptaccess=\"always\"><\/object><\/p>\n<p>&nbsp;<\/p>\n<h4>Sena k\u00e4vi MH-kuvauksessa Hyvink\u00e4\u00e4ll\u00e4 10.7.2010 (ik\u00e4 1v 10kk)<\/h4>\n<p>Kuvausaikaan oli tosi helleaalto, eik\u00e4 kuvausp\u00e4iv\u00e4 ollut juuri viile\u00e4mpi kuin muutkaan p\u00e4iv\u00e4t parin viikon sis\u00e4ll\u00e4, eli 30 asteen l\u00e4mp\u00f6tiloja l\u00e4henneltiin kuvauspaikallakin. Siihen n\u00e4hden virtaa ylim\u00e4\u00e4r\u00e4isiinkin kierroksiin riitti ihan hyvin.<\/p>\n<p>Sena oli koko kuvauksen ajan kovin kiinnostunut yleis\u00f6st\u00e4 ja tutuista siell\u00e4, ja vapaana tekikin lenkkej\u00e4 yleis\u00f6n seuraan. Se ei niink\u00e4\u00e4n ollut kiinnostunut sille j\u00e4rjestetyst\u00e4 ohjelmasta muuten. Et\u00e4leikkij\u00e4st\u00e4 eik\u00e4 vieheest\u00e4 Sena ei kiinnostunut juurikaan, katseli sen mink\u00e4 katsoi ja sen j\u00e4lkeen yleis\u00f6 oli taas kivempi.<\/p>\n<p>Leikkiminen oli sen mielest\u00e4 kivaa, vaikka se selke\u00e4sti oli jo joko v\u00e4synyt tai hieman paineistunut lopun leikkimisen aikana, niin kiinnostus leluun s\u00e4ilyi silti. Mielest\u00e4ni Sena palautui koko kuvauksen ajan s\u00e4ikytyksist\u00e4 hyvin ja vaikka laukauksiin se reagoi py\u00f6rim\u00e4ll\u00e4 ja vapaana juoksentelemalla yleis\u00f6n ja minun v\u00e4li\u00e4 niin my\u00f6s niist\u00e4 se palautui ihan hyvin.<\/p>\n<h4>Kuvaus Senan toiminnasta testin aikana<\/h4>\n<table border=\"0\" width=\"700\">\n<tbody>\n<tr>\n<td colspan=\"6\">Senan MH-luonnekuvaus 10.7.2010 Hyvink\u00e4\u00e4ll\u00e4Kuvaajat Mikael Laine &amp; Kai Tarkka<\/td>\n<\/tr>\n<tr>\n<td class=\"kerroin\">&nbsp;<\/td>\n<td class=\"kerroin\">1<\/td>\n<td class=\"kerroin\">2<\/td>\n<td class=\"kerroin\">3<\/td>\n<td class=\"kerroin\">4<\/td>\n<td class=\"kerroin\">5<\/td>\n<\/tr>\n<tr>\n<td>1a. KONTAKTI&nbsp;&nbsp;<\/p>\n<p style=\"margin-right: 50px;\">Tervehtiminen<\/p>\n<\/td>\n<td>Torjuu kontaktia, murisee tai yritt\u00e4\u00e4 purra<\/td>\n<td>V\u00e4ltt\u00e4\u00e4 kontaktia, v\u00e4ist\u00e4\u00e4<\/td>\n<td>Hyv\u00e4ksyy kontaktin vastaamatta siihen, ei v\u00e4ist\u00e4<\/td>\n<td><b>Ottaa itse kontaktia tai vastaa siihen<\/b><\/td>\n<td>Mielistelev\u00e4 kontaktinotossa hyppii, vinkuu, haukkuu, jne.<\/td>\n<\/tr>\n<tr>\n<td>1b. KONTAKTI&nbsp;&nbsp;<\/p>\n<p style=\"margin-right: 50px;\">Yhteisty\u00f6<\/p>\n<\/td>\n<td>Ei l\u00e4hde vieraan ihmisen mukaan\/Ei kokeilla<\/td>\n<td>L\u00e4htee mukaan haluttomasti<\/td>\n<td>L\u00e4htee mukaan, mutta ei ole kiinnostunut TJ:sta<\/td>\n<td><b>L\u00e4htee mukaan halukkaasti, kiinnostuu TJ:sta<\/b><\/td>\n<td>L\u00e4htee mukaan hyvin innokkaasti, eritt\u00e4in kiinnostunut TJ:sta<\/td>\n<\/tr>\n<tr>\n<td>1c. KONTAKTI&nbsp;&nbsp;<\/p>\n<p style=\"margin-right: 50px;\">K\u00e4sittely<\/p>\n<\/td>\n<td>Torjuu murisemalla ja\/tai yritt\u00e4\u00e4 purra<\/td>\n<td>V\u00e4ist\u00e4\u00e4 tai hakee tukea ohjaajasta<\/td>\n<td>Hyv\u00e4ksyy k\u00e4sittelyn<\/td>\n<td><b>Hyv\u00e4ksyy ja ottaa kontaktia<\/b><\/td>\n<td>Hyv\u00e4ksyy ja vastaa liioitellulla kontaktilla<\/td>\n<\/tr>\n<tr>\n<td>2a. LEIKKI 1&nbsp;&nbsp;<\/p>\n<p style=\"margin-right: 50px;\">Leikkihalu<\/p>\n<\/td>\n<td>Ei leiki &#8211; ei osoita kiinnostusta<\/td>\n<td>Ei leiki &#8211; osoittaa kiinnostusta<\/td>\n<td>Leikkii &#8211; aktiivisuus lis\u00e4\u00e4ntyy\/v\u00e4henee<\/td>\n<td><b>Leikkii &#8211; aloittaa nopeasti ja on aktiivinen<\/b><\/td>\n<td>Leikkii &#8211; aloittaa eritt\u00e4in nopeasti ja on hyvin aktiivinen<\/td>\n<\/tr>\n<tr>\n<td>2b. LEIKKI 1&nbsp;&nbsp;<\/p>\n<p style=\"margin-right: 50px;\">Tarttuminen<\/p>\n<\/td>\n<td>Ei tartu esineeseen<\/td>\n<td>Ei tartu, nuuskii esinett\u00e4<\/td>\n<td>Tarttuu esineeseen viiveell\u00e4 tai etuhampailla<\/td>\n<td><b>Tarttuu heti koko suulla<\/b><\/td>\n<td>Tarttuu heti, nappaa esineen vauhdista<\/td>\n<\/tr>\n<tr>\n<td>2c. LEIKKI 1&nbsp;&nbsp;<\/p>\n<p style=\"margin-right: 50px;\">Puruote ja taisteluhalu<\/p>\n<\/td>\n<td>Ei tartu esineeseen<\/td>\n<td>Tarttuu viiveell\u00e4- irrottaa\/pit\u00e4\u00e4, ei ved\u00e4 vastaan<\/td>\n<td><b>Tarttuu, vet\u00e4\u00e4 vastaan, mutta irrottaa ja tarttuu uudestaan\/korjailee otetta<\/b><\/td>\n<td>Tarttuu heti koko suulla, vet\u00e4\u00e4 vastaan kunnes TJ irrottaa<\/td>\n<td>Tarttuu heti koko suulla, vet\u00e4\u00e4 tempoo, ravistaa- kunnes TJ irrottaa<\/td>\n<\/tr>\n<tr>\n<td>3a. TAKAA-AJO<\/td>\n<td><b>Ei aloita 1,2<\/b><\/td>\n<td>Aloittaa, mutta keskeytt\u00e4\u00e4<\/td>\n<td>Aloittaa etenemisen hitaasti, voi lis\u00e4t\u00e4 vauhtia, seuraa koko matkan saalista<\/td>\n<td>Aloittaa kovalla vauhdilla p\u00e4\u00e4m\u00e4\u00e4r\u00e4hakuisesti, pys\u00e4htyy saaliille<\/td>\n<td>Aloittaa heti kovalla vauhdilla juosten saaliin ohi, voi k\u00e4\u00e4nty\u00e4 saaliille<\/td>\n<\/tr>\n<tr>\n<td>3b.<br \/>\nTARTTUMINEN<\/td>\n<td><b>Ei kiinnostu saaliista\/ei juokse per\u00e4\u00e4n 1,2<\/b><\/td>\n<td>Ei tartu, nuuskii saalista<\/td>\n<td>Tarttuu saaliiseen ep\u00e4r\u00f6iden tai viiveell\u00e4<\/td>\n<td>Tarttuu heti saaliiseen, mutta irrottaa<\/td>\n<td>Tarttuu heti saaliiseen, pit\u00e4\u00e4 sit\u00e4 suussaan v\u00e4hint\u00e4\u00e4n 3 sek.<\/td>\n<\/tr>\n<tr>\n<td>4.<br \/>\nAKTIVITEETTITASO<\/td>\n<td>Tarkkailematon, kiinnostumaton, passiivinen<\/td>\n<td>Tarkkailevainen, rauhallinen, voi istua, seist\u00e4 tai maata<\/td>\n<td>Tarkkailevainen ja enimm\u00e4kseen rauhallinen, yksitt\u00e4isi\u00e4 toimintoja<\/td>\n<td><b>Tarkkailevainen, toiminnot tai rauhattomuus lis\u00e4\u00e4ntyy v\u00e4hitellen<\/b><\/td>\n<td>Toiminnot vaihtelevat nopeasti osion aikana\/Rauhaton koko ajan<\/td>\n<\/tr>\n<tr>\n<td>5a. ET\u00c4LEIKKI&nbsp;&nbsp;<\/p>\n<p style=\"margin-right: 50px;\">Kiinnostus<\/p>\n<\/td>\n<td>Ei kiinnostu avustajasta<\/td>\n<td><b>Tarkkailee avustajaa, v\u00e4lill\u00e4 taukoja<\/b><\/td>\n<td>Kiinnostunut avustajasta, seuraa ilman taukoja<\/td>\n<td>Kiinnostunut avustajasta, yksitt\u00e4isi\u00e4 l\u00e4ht\u00f6yrityksi\u00e4<\/td>\n<td>Eritt\u00e4in kiinnostunut avustajasta, toistuvia l\u00e4ht\u00f6yrityksi\u00e4<\/td>\n<\/tr>\n<tr>\n<td>5b. ET\u00c4LEIKKI&nbsp;&nbsp;<\/p>\n<p style=\"margin-right: 50px;\">Uhka\/aggressio<\/p>\n<\/td>\n<td><b>Ei osoita uhkauseleit\u00e4<\/b><\/td>\n<td>Osoittaa yksitt\u00e4isi\u00e4 (1-2) uhkauseleit\u00e4 osion ensim. osassa<\/td>\n<td>Osoittaa yksitt\u00e4isi\u00e4 (1-2) uhkauseleit\u00e4 osion ensim. ja toisessa osassa<\/td>\n<td>Osoittaa useampia uhkauseleit\u00e4 osion ensim. osassa<\/td>\n<td>Osoittaa useampia uhkauseleit\u00e4 osion ensim. ja toisessa osassa<\/td>\n<\/tr>\n<tr>\n<td>5c. ET\u00c4LEIKKI&nbsp;&nbsp;<\/p>\n<p style=\"margin-right: 50px;\">Uteliaisuus<\/p>\n<\/td>\n<td><b>Ei saavu avustajan luo<\/b><\/td>\n<td>Saapuu linjalle aktiivisen avustajan luo<\/td>\n<td>Saapuu piilossa olevan puhuvan avustajan luo<\/td>\n<td>Saapuu avustajan luo ep\u00e4r\u00f6iden ja viiveell\u00e4<\/td>\n<td>Saapuu avustajan luo suoraan ilman apua<\/td>\n<\/tr>\n<tr>\n<td>5d. ET\u00c4LEIKKI&nbsp;&nbsp;<\/p>\n<p style=\"margin-right: 50px;\">Leikkihalu<\/p>\n<\/td>\n<td><b>Ei osoita kiinnostusta<\/b><\/td>\n<td>Ei leiki &#8211; osoittaa kiinnostusta<\/td>\n<td>Leikkii &#8211; voi tarttua varovasti, mutta ei ved\u00e4<\/td>\n<td>Tarttuu, vet\u00e4\u00e4 vastaan, voi irrottaa ja tarttua uudelleen<\/td>\n<td>Tarttuu, vet\u00e4\u00e4 vastaan, ei irrota<\/td>\n<\/tr>\n<tr>\n<td>5e. ET\u00c4LEIKKI&nbsp;&nbsp;<\/p>\n<p style=\"margin-right: 50px;\">Yhteisty\u00f6<\/p>\n<\/td>\n<td><b>Ei osoita kiinnostusta<\/b><\/td>\n<td>Kiinnostuu, mutta keskeytt\u00e4\u00e4<\/td>\n<td>On kiinnostunut leikkiv\u00e4st\u00e4 avustajasta<\/td>\n<td>Kiinnostuu leikkiv\u00e4st\u00e4 sek\u00e4 passiivisesta avustajasta<\/td>\n<td>Houkuttelee my\u00f6s passiivista avustajaa leikkim\u00e4\u00e4n<\/td>\n<\/tr>\n<tr>\n<td>6a. YLL\u00c4TYS&nbsp;&nbsp;<\/p>\n<p style=\"margin-right: 50px;\">Pelko<\/p>\n<\/td>\n<td>Ei pys\u00e4hdy tai pys\u00e4htyy nopeasti<\/td>\n<td><b>Kyykistyy ja pys\u00e4htyy<\/b><\/td>\n<td>V\u00e4ist\u00e4\u00e4 k\u00e4\u00e4nt\u00e4m\u00e4tt\u00e4 pois katsettaan haalarista<\/td>\n<td>Pakenee enint\u00e4\u00e4n 5 metri\u00e4<\/td>\n<td>Pakenee enemm\u00e4n kuin 5m<\/td>\n<\/tr>\n<tr>\n<td>\n<p style=\"margin-right: 50px;\">6b. YLL\u00c4TYS<\/p>\n<p style=\"margin-right: 50px;\">Puolustus\/aggressio<\/p>\n<\/td>\n<td><b>Ei osoita uhkauseleit\u00e4<\/b><\/td>\n<td>Osoittaa yksitt\u00e4isi\u00e4 uhkauseleit\u00e4<\/td>\n<td>Osoittaa useita uhkauseleit\u00e4<\/td>\n<td>Osoittaa useita uhkauseleit\u00e4 ja muutamia hy\u00f6kk\u00e4yksi\u00e4<\/td>\n<td>Osoittaa useita uhkauseleit\u00e4 ja hy\u00f6kk\u00e4yksi\u00e4, voi purra<\/td>\n<\/tr>\n<tr>\n<td>6c. YLL\u00c4TYS&nbsp;&nbsp;<\/p>\n<p style=\"margin-right: 50px;\">Uteliaisuus<\/p>\n<\/td>\n<td>Menee haalarin luo, kun se on laskettu maahan\/Ei mene ollenkaan<\/td>\n<td><b>Menee haalarin luo, kun ohjaaja puhuu kyykyss\u00e4 ja houkuttelee koiraa<\/b><\/td>\n<td>Menee haalarin luo, kun ohjaaja seisoo sen edess\u00e4<\/td>\n<td>Menee haalarin luo, kun ohjaaja on edennyt puoliv\u00e4liin<\/td>\n<td>Menee haalarin luo ilman ohjaajan apua<\/td>\n<\/tr>\n<tr>\n<td>6d. YLL\u00c4TYS&nbsp;&nbsp;<\/p>\n<p style=\"margin-right: 50px;\">J\u00e4ljellej\u00e4\u00e4v\u00e4 pelko<\/p>\n<\/td>\n<td><b>Ei mink\u00e4\u00e4nlaisia liikkumisnopeuden vaihtelua tai v\u00e4ist\u00e4mist\u00e4<\/b><\/td>\n<td>Pieni niiaus tai liikkumisnopeuden vaihtelu jollain ohituskerralla<\/td>\n<td>Pieni niiaus tai nopeudenvaihtelu kerran, pienenee toisen ohituskerran j\u00e4lkeen<\/td>\n<td>Niiaus tai nopeuden vaihtelu samanlaisina v\u00e4hint\u00e4\u00e4n kahdella ohituskerralla<\/td>\n<td>Voimakas pelko, voi lis\u00e4\u00e4nty\u00e4 jokaisella ohituskerralla<\/td>\n<\/tr>\n<tr>\n<td>\n<p style=\"margin-right: 50px;\">6e. YLL\u00c4TYS<\/p>\n<p style=\"margin-right: 50px;\">J\u00e4ljellej\u00e4\u00e4v\u00e4 kiinnostus<\/p>\n<\/td>\n<td>Ei osoita kiinnostusta haalariin<\/td>\n<td><b>Pys\u00e4htyy, haistelee tai katselee haalaria yhdell\u00e4 ohituskerralla<\/b><\/td>\n<td>Pys\u00e4htyy, haistelee tai katselee haalaria v\u00e4h. kahdella ohituskerralla<\/td>\n<td>Puree haalaria tai leikkii sen kanssa, kiinnostus v\u00e4henee<\/td>\n<td>Puree haalaria tai leikkii sen kanssa v\u00e4h. kahdella ohituskerralla<\/td>\n<\/tr>\n<tr>\n<td>7a. \u00c4\u00c4NIHERKKYYS&nbsp;&nbsp;<\/p>\n<p style=\"margin-right: 50px;\">Pelko<\/p>\n<\/td>\n<td>Ei pys\u00e4hdy tai pys\u00e4htyy nopeasti<\/td>\n<td>Kyykistyy ja pys\u00e4htyy<\/td>\n<td><b>V\u00e4ist\u00e4\u00e4 k\u00e4\u00e4nt\u00e4m\u00e4tt\u00e4 pois katsettaan<\/b><\/td>\n<td>Pakenee enint\u00e4\u00e4n 5 metri\u00e4<\/td>\n<td>Pakenee enemm\u00e4n kuin 5m<\/td>\n<\/tr>\n<tr>\n<td>7b. \u00c4\u00c4NIHERKKYYS&nbsp;&nbsp;<\/p>\n<p style=\"margin-right: 50px;\">Uteliaisuus<\/p>\n<\/td>\n<td>Ei mene katsomaan<\/td>\n<td>Menee r\u00e4min\u00e4laitteen luo kun ohjaaja puhuu kyykyss\u00e4 ja houkuttelee koiraa<\/td>\n<td>Menee r\u00e4min\u00e4laitteen luo kun ohjaaja seisoo sen vieress\u00e4<\/td>\n<td>Menee r\u00e4min\u00e4laitteen luo kun ohjaaja on edennyt puoliv\u00e4liin<\/td>\n<td><b>Menee r\u00e4min\u00e4laitteen luo ilman apua<\/b><\/td>\n<\/tr>\n<tr>\n<td>7c. \u00c4\u00c4NIHERKKYYS&nbsp;&nbsp;<\/p>\n<p style=\"margin-right: 50px;\">J\u00e4ljellej\u00e4\u00e4v\u00e4 pelko<\/p>\n<\/td>\n<td><b>Ei mink\u00e4\u00e4nlaisia liikkumisnopeuden vaihteluita tai v\u00e4ist\u00e4mist\u00e4<\/b><\/td>\n<td>Pieni niiaus tai liikkumisnopeuden vaihtelu jollain ohituskerralla<\/td>\n<td>Pieni niiaus tai nopeudenvaihtelu kerran, pienenee toisen ohituskerran j\u00e4lkeen<\/td>\n<td>Niiaus tai nopeuden vaihtelu samanlaisina v\u00e4hint\u00e4\u00e4n kahdella ohituskerralla<\/td>\n<td>Voimakas pelko, voi lis\u00e4\u00e4nty\u00e4 jokaisella ohituskeralla<\/td>\n<\/tr>\n<tr>\n<td>7d. \u00c4\u00c4NIHERKKYYS&nbsp;&nbsp;<\/p>\n<p style=\"margin-right: 50px;\">J\u00e4ljellej\u00e4\u00e4v\u00e4 kiinnostus<\/p>\n<\/td>\n<td>Ei osoita kiinnostusta r\u00e4min\u00e4laitetta kohtaan<\/td>\n<td>Pys\u00e4htyy, haistelee tai katselee laitetta yhdell\u00e4 ohituskerralla<\/td>\n<td><b>Pys\u00e4htyy, haistelee tai katselee laitetta v\u00e4h. kahdella ohituskerralla<\/b><\/td>\n<td>Puree laitetta tai leikkii sen kanssa, kiinnostus v\u00e4henee<\/td>\n<td>Puree laitetta tai leikkii sen kanssa v\u00e4h. kahdella ohituskerralla<\/td>\n<\/tr>\n<tr>\n<td>8a. AAVEET&nbsp;&nbsp;<\/p>\n<p style=\"margin-right: 50px;\">Puolustus\/aggressio<\/p>\n<\/td>\n<td><b>Ei osoita uhkauseleit\u00e4<\/b><\/td>\n<td>Osoittaa yksitt\u00e4isi\u00e4 uhkauseleit\u00e4<\/td>\n<td>Osoittaa useita uhkauseleit\u00e4<\/td>\n<td>Osoittaa useita uhkauseleit\u00e4 ja muutamia hy\u00f6kk\u00e4yksi\u00e4<\/td>\n<td>Osoittaa uhkauseleit\u00e4 ja useampia hy\u00f6kk\u00e4yksi\u00e4<\/td>\n<\/tr>\n<tr>\n<td>8b. AAVEET&nbsp;&nbsp;<\/p>\n<p style=\"margin-right: 50px;\">Tarkkaavaisuus<\/p>\n<\/td>\n<td>Yksitt\u00e4isi\u00e4 vilkaisuja, ja sen j\u00e4lkeen ei kiinnostusta \/ ei kiinnostu lainkaan<\/td>\n<td><b>Katselee aaveita silloin t\u00e4ll\u00f6in<\/b><\/td>\n<td>Tarkkailee aaveita, pitki\u00e4 taukoja, kumpaakin puolet ajasta tai koko ajan toista<\/td>\n<td>Tarkkailee aaveita, lyhyit\u00e4 taukoja<\/td>\n<td>Tarkkailee molempia aaveita koko osion ajan<\/td>\n<\/tr>\n<tr>\n<td>8c. AAVEET&nbsp;&nbsp;<\/p>\n<p style=\"margin-right: 50px;\">Pelko<\/p>\n<\/td>\n<td>On ohjaajan edess\u00e4 tai sivulla<\/td>\n<td><b>On enimm\u00e4kseen ohjaajan edess\u00e4 tai sivulla, pient\u00e4 v\u00e4limatkanottoa<\/b><\/td>\n<td>On enimm\u00e4kseen ohjaajan edess\u00e4 tai sivulla, vaihtelee paon ja kontrollin v\u00e4lill\u00e4<\/td>\n<td>On enimm\u00e4kseen ohjaajan takana, vaihtelee paon ja kontrollin v\u00e4lill\u00e4<\/td>\n<td>Peruuttaa enemm\u00e4n kuin taluttimen mitan tai l\u00e4htee paikalta\/Pakenee<\/td>\n<\/tr>\n<tr>\n<td>8d. AAVEET&nbsp;&nbsp;<\/p>\n<p style=\"margin-right: 50px;\">Uteliaisuus<\/p>\n<\/td>\n<td>Menee katsomaan, kun ohjaaja on ottanut avustajalta hupun pois\/ Ei mene ajoissa<\/td>\n<td>Menee katsomaan, kun ohjaaja puhuu avustajan kanssa ja houkuttelee koiraa<\/td>\n<td><b>Menee katsomaan, kun ohjaaja seisoo avustajan vieress\u00e4<\/b><\/td>\n<td>Menee katsomaan, kun ohjaaja on edennyt puoleenv\u00e4liin<\/td>\n<td>Menee katsomaan ilman apua<\/td>\n<\/tr>\n<tr>\n<td>8e. AAVEET&nbsp;&nbsp;<\/p>\n<p style=\"margin-right: 50px;\">Kontaktinotto aaveeseen<\/p>\n<\/td>\n<td>Torjuu kontaktia\/ei mene ajoissa<\/td>\n<td>Hyv\u00e4ksyy avustajan tarjoaman kontaktin, mutta ei vastaa siihen<\/td>\n<td>Vastaa avustajan tarjoamaan kontaktiin<\/td>\n<td><b>Ottaa itse kontaktia avustajaan<\/b><\/td>\n<td>Innostunutta kontaktinottoa avustajaan, esim. hyppii tai vinkuu<\/td>\n<\/tr>\n<tr>\n<td>9a. LEIKKI 2&nbsp;&nbsp;<\/p>\n<p style=\"margin-right: 50px;\">Leikkihalu<\/p>\n<\/td>\n<td>Ei leiki- ei osoita kiinnostusta<\/td>\n<td>Ei leiki- osoittaa kiinnostusta<\/td>\n<td><b>Leikkii- aktiivisuus lis\u00e4\u00e4ntyy\/v\u00e4henee<\/b><\/td>\n<td>Leikkii- aloittaa nopeasti ja on aktiivinen<\/td>\n<td>Leikkii- aloittaa eritt\u00e4in nopeasti ja on hyvin aktiivinen<\/td>\n<\/tr>\n<tr>\n<td>9b.LEIKKI 2&nbsp;&nbsp;<\/p>\n<p style=\"margin-right: 50px;\">Tarttuminen<\/p>\n<\/td>\n<td>Ei tartu esineeseen<\/td>\n<td>Ei tartu, nuuskii esinett\u00e4<\/td>\n<td>Tarttuu esineeseen viiveell\u00e4 tai etuhampailla<\/td>\n<td><b>Tarttuu heti koko suulla<\/b><\/td>\n<td>Tarttuu heti, nappaa esineen vauhdista<\/td>\n<\/tr>\n<tr>\n<td>10. AMPUMINEN<\/td>\n<td>Ei h\u00e4iriinny, havaitsee nopeasti ja sen j\u00e4lkeen t\u00e4ysin v\u00e4linpit\u00e4m\u00e4t\u00f6n<\/td>\n<td>H\u00e4iritsevyys lis\u00e4\u00e4ntyy leikin\/passiivisuuden aikana, sen j\u00e4lkeen v\u00e4linpit\u00e4m\u00e4t\u00f6n<\/td>\n<td>Kiinnostuu laukauksista, yleis\u00f6st\u00e4 tms. mutta palaa leikkiin\/passiivisuuteen<\/td>\n<td><b>Keskeytt\u00e4\u00e4 leikin\/passiivisuuden, lukkiutuu yleis\u00f6\u00e4, laukauksia tms kohden, ei palaa leikkiin\/passiivisuuteen<\/b><\/td>\n<td>H\u00e4iriintynyt, pelokas\/Yritt\u00e4\u00e4 paeta\/ Ohjaaja luopuu ampumisesta<\/td>\n<\/tr>\n<\/tbody>\n<\/table>\n","protected":false},"excerpt":{"rendered":"<p>&nbsp; Pandarellan \u00c5sa Rasdotter &nbsp;Senan luonnetesti 24.10.2010 Kotka Tuomarit: Bengt S\u00f6derholm ja Tarja Matsuoi Yhteispisteet +167 pistett\u00e4, laukauskokematon Hyv\u00e4ksytty luonnetesti. &nbsp; Kuvia testist\u00e4 Ominaisuus Kerroin Pisteet Sanallinen kuvaus Toimintakyky 15 +2 Hyv\u00e4 Ter\u00e4vyys 1 +1[&#8230;]<\/p>\n","protected":false},"author":1,"featured_media":0,"parent":44,"menu_order":1,"comment_status":"closed","ping_status":"closed","template":"page-fullwidth.php","meta":{"ngg_post_thumbnail":0,"footnotes":""},"class_list":["post-208","page","type-page","status-publish","hentry"],"_links":{"self":[{"href":"https:\/\/kennelkeyword.net\/index.php?rest_route=\/wp\/v2\/pages\/208","targetHints":{"allow":["GET"]}}],"collection":[{"href":"https:\/\/kennelkeyword.net\/index.php?rest_route=\/wp\/v2\/pages"}],"about":[{"href":"https:\/\/kennelkeyword.net\/index.php?rest_route=\/wp\/v2\/types\/page"}],"author":[{"embeddable":true,"href":"https:\/\/kennelkeyword.net\/index.php?rest_route=\/wp\/v2\/users\/1"}],"replies":[{"embeddable":true,"href":"https:\/\/kennelkeyword.net\/index.php?rest_route=%2Fwp%2Fv2%2Fcomments&post=208"}],"version-history":[{"count":5,"href":"https:\/\/kennelkeyword.net\/index.php?rest_route=\/wp\/v2\/pages\/208\/revisions"}],"predecessor-version":[{"id":2906,"href":"https:\/\/kennelkeyword.net\/index.php?rest_route=\/wp\/v2\/pages\/208\/revisions\/2906"}],"up":[{"embeddable":true,"href":"https:\/\/kennelkeyword.net\/index.php?rest_route=\/wp\/v2\/pages\/44"}],"wp:attachment":[{"href":"https:\/\/kennelkeyword.net\/index.php?rest_route=%2Fwp%2Fv2%2Fmedia&parent=208"}],"curies":[{"name":"wp","href":"https:\/\/api.w.org\/{rel}","templated":true}]}}