{"id":2,"date":"2013-09-16T09:52:40","date_gmt":"2013-09-16T06:52:40","guid":{"rendered":"http:\/\/haukotus.net\/kennelkeyword\/?page_id=2"},"modified":"2020-08-05T21:47:47","modified_gmt":"2020-08-05T18:47:47","slug":"esimerkkisivu","status":"publish","type":"page","link":"https:\/\/kennelkeyword.net\/?page_id=2","title":{"rendered":"Kennelnimen takaa"},"content":{"rendered":"\n<div class=\"wp-block-image\"><figure class=\"alignleft\"><a href=\"http:\/\/kennelkeyword.net\/wp-content\/uploads\/2013\/09\/IMG_2478.jpg\"><img loading=\"lazy\" decoding=\"async\" width=\"300\" height=\"200\" src=\"http:\/\/kennelkeyword.net\/wp-content\/uploads\/2013\/09\/IMG_2478-300x200.jpg\" alt=\"IMG_2478\" class=\"wp-image-963\" srcset=\"https:\/\/kennelkeyword.net\/wp-content\/uploads\/2013\/09\/IMG_2478-300x200.jpg 300w, https:\/\/kennelkeyword.net\/wp-content\/uploads\/2013\/09\/IMG_2478-150x100.jpg 150w, https:\/\/kennelkeyword.net\/wp-content\/uploads\/2013\/09\/IMG_2478.jpg 600w\" sizes=\"auto, (max-width: 300px) 100vw, 300px\" \/><\/a><figcaption>Elina ja Sena<\/figcaption><\/figure><\/div>\n\n\n\n<p>Keyword-kennelnimen takaa l\u00f6ytyy \u00a0Siuntiossa asuva koiraharrastaja, jonka lis\u00e4ksi talouteen kuuluu miehen lis\u00e4ksi kolme sile\u00e4karvaista collieta, joista enemm\u00e4n niiden omilta sivuilta.\u00a0Omaan historiaani kuuluu koirien lis\u00e4ksi jonkin verran hevostoimintaa pohjoisessa asuessani, kiinnostus j\u00e4rjest\u00f6- ja kilpailutoimintaan j\u00e4i niilt\u00e4 ajoilta kytem\u00e4\u00e4n. Koiramaisemmat harrastukset veiv\u00e4t mukanaan, kun tulin tekem\u00e4\u00e4n opintojani Jyv\u00e4skyl\u00e4n yliopistossa ja j\u00e4in useammaksi vuodeksi Keski-Suomeen asumaan. Sielt\u00e4 olemme siirtyneet muutaman mutkan kautta Siuntioon, mutta t\u00e4\u00e4ll\u00e4kin vapaa-aikani kuluukin nyky\u00e4\u00e4n pitk\u00e4lti koirien kanssa touhuillessa ja tietokoneella koirajuttuja lukiessa sen mit\u00e4 t\u00f6ilt\u00e4 j\u00e4\u00e4 aikaa.<\/p>\n\n\n\n<div class=\"wp-block-image\"><figure class=\"alignright\"><a href=\"http:\/\/kennelkeyword.net\/wp-content\/uploads\/2013\/09\/IMG_8810_001.jpg\"><img loading=\"lazy\" decoding=\"async\" width=\"300\" height=\"200\" src=\"http:\/\/kennelkeyword.net\/wp-content\/uploads\/2013\/09\/IMG_8810_001-300x200.jpg\" alt=\"IMG_8810_001\" class=\"wp-image-965\" srcset=\"https:\/\/kennelkeyword.net\/wp-content\/uploads\/2013\/09\/IMG_8810_001-300x200.jpg 300w, https:\/\/kennelkeyword.net\/wp-content\/uploads\/2013\/09\/IMG_8810_001-150x100.jpg 150w, https:\/\/kennelkeyword.net\/wp-content\/uploads\/2013\/09\/IMG_8810_001.jpg 640w\" sizes=\"auto, (max-width: 300px) 100vw, 300px\" \/><\/a><figcaption>Timo ja N\u00e4ps\u00e4 agilityss\u00e4<\/figcaption><\/figure><\/div>\n\n\n\n<p>Timo on harrastanut koiriemme kanssa useita vuosia agility\u00e4 ja on usein mukana muussakin koiratoiminnassa sek\u00e4 eri koiratapahtumissa. Suurin osa gallerian kuvista on Timon ottamia, ja useimmiten tapahtumissa Timon n\u00e4keekin kameran takana. Itse olen kisannut Rasmuksen, N\u00e4ps\u00e4n ja Tenhon kanssa tokossa ja lajiin sen verran tyk\u00e4stynyt, ett\u00e4 pid\u00e4n sit\u00e4 p\u00e4\u00e4lajinani, vaikka silloin t\u00e4ll\u00f6in muitakin tulee harrasteltua. Olen Suomen Kennelliiton, Suomen Collieyhdistyksen sek\u00e4 Aktiivicolliet ry:n j\u00e4sen ja olen kouluttautunut tokon koulutusohjaajaksi sek\u00e4 liikkeenohjaajaksi ja koetoimitsijaksi, vaikka n\u00e4m\u00e4 teht\u00e4v\u00e4t olen j\u00e4tt\u00e4nyt sittemmin pois. Olen ollut my\u00f6s mukana Collieyhdistyksen Keski-Suomen alaosaston hallituksessa ja sen tokovastaavana. Aktiivisempi kisaaminen on ajan ja kisamotivaation puuttumisen takia j\u00e4\u00e4nyt, mutta nuorempien koirien kanssa tehd\u00e4\u00e4n perustreenej\u00e4 ja silloin t\u00e4ll\u00f6in k\u00e4yd\u00e4\u00e4n viel\u00e4 kokeissakin.<\/p>\n\n\n\n<h3 class=\"wp-block-heading\">Koirista<\/h3>\n\n\n\n<div class=\"wp-block-image\"><figure class=\"alignleft\"><a href=\"http:\/\/kennelkeyword.net\/wp-content\/uploads\/2013\/09\/IMG_0528.jpg\"><img loading=\"lazy\" decoding=\"async\" width=\"300\" height=\"200\" src=\"http:\/\/kennelkeyword.net\/wp-content\/uploads\/2013\/09\/IMG_0528-300x200.jpg\" alt=\"IMG_0528\" class=\"wp-image-964\" srcset=\"https:\/\/kennelkeyword.net\/wp-content\/uploads\/2013\/09\/IMG_0528-300x200.jpg 300w, https:\/\/kennelkeyword.net\/wp-content\/uploads\/2013\/09\/IMG_0528-150x100.jpg 150w, https:\/\/kennelkeyword.net\/wp-content\/uploads\/2013\/09\/IMG_0528.jpg 640w\" sizes=\"auto, (max-width: 300px) 100vw, 300px\" \/><\/a><figcaption>Rasmus tokotreeneiss\u00e4<\/figcaption><\/figure><\/div>\n\n\n\n<p>Kotonamme asuu kolme sile\u00e4karvaista collieta. Ensimm\u00e4inen koiramme oli vuonna 2002 syntynyt soopeliuros Rasmus, jota edelleen kaipaamme kovasti. Rasmuksen kaveriksi ja harrastuskoiraksi meille tuli kev\u00e4\u00e4ll\u00e4 2007 syntynyt tricolournarttu N\u00e4ps\u00e4 ja pian sen j\u00e4lkeen kes\u00e4ll\u00e4 2008 syntynyt tricolournarttu Sena, joka oli Rasmuksen ainoasta pentueesta se ainoa narttupentu. <\/p>\n\n\n\n<p>Nyt taloudessa on my\u00f6s Senan pentu Tenho, joka j\u00e4i ensimm\u00e4isest\u00e4 omasta pentueestamme kotiin kasvamaan sek\u00e4 Sauber, joka on my\u00f6s oma kasvattimme. Koiristamme l\u00f6yd\u00e4t enemm\u00e4n tietoa niiden omilta sivuilta. Rasmuksen ja N\u00e4ps\u00e4n kanssa on harrastettu hakua, j\u00e4lke\u00e4, tokoa sek\u00e4 agility\u00e4 sek\u00e4 n\u00e4yttelyt kuuluivat harrastuksiimme. Monenlaista muutakin on tullut kokeiltua, koirajuoksua, pulkanvetoa ja lampaisiinkin on tutustuttu, mutta koska aikaa on vain rajallisesti, ovat monet mielenkiintoisetkin harrastukset j\u00e4\u00e4neet l\u00e4hinn\u00e4 testiksi ja omaksi iloksi. Senan kanssa harrasteltiiin jonkin verrran n\u00e4yttelyt\u00e4 ja perustottelevaisuteen ja v\u00e4h\u00e4n rallytokoon tutustuttiin. Tenhon kanssa on harjoiteltu arkitottelevaisuutta ja siit\u00e4 innostuneena my\u00f6s tokoiltu ja rallytokoiltu ja v\u00e4h\u00e4n j\u00e4lke\u00e4kin ajettu. Toivotaan ett\u00e4 siit\u00e4 kasvaa aikuistuttuaan j\u00e4rkev\u00e4 ja mukava koira, vaikka sill\u00e4 olisi intoa varmasti v\u00e4h\u00e4n enemp\u00e4\u00e4nkin. Sauber on aloitellut pentukursseilla arjen osaamisen harjoittelua ja toivottavasti p\u00e4\u00e4st\u00e4\u00e4n k\u00e4ym\u00e4\u00e4n n\u00e4yttelyiss\u00e4kin jonkin verran.<\/p>\n\n\n\n<h4 class=\"wp-block-heading\">Kennelnimest\u00e4<\/h4>\n\n\n\n<p>Kennelnimi Keyword on my\u00f6nnetty vuoden 2007 lopussa. Kennelnimen anominen ei ollut tuolloin viel\u00e4 kasvatusaikeiden vuoksi ajankohtainen, kotona oli siin\u00e4 vaiheessa vain uros eik\u00e4 kasvatuksesta ollut mit\u00e4\u00e4n kokemusta. Koska silloisilla s\u00e4\u00e4nn\u00f6ill\u00e4 kennelnimi tuli olla anottu tietyn ajan sis\u00e4ll\u00e4 kasvattajakurssin k\u00e4ymisest\u00e4, p\u00e4\u00e4ttelin ett\u00e4 t\u00e4ss\u00e4kin asiassa on parempi ennemmin kuin my\u00f6hemmin ja laitoin kennelnimianomuksen vet\u00e4m\u00e4\u00e4n. Toiveissa on, ett\u00e4 tulevaisuudessa syntyy Keyword-pentueitakin, l\u00e4hinn\u00e4 tosin vain silloin, jos omissa koirissa on jalostukseen sopivia yksil\u00f6it\u00e4 ja ajankohta on oman el\u00e4m\u00e4n kannalta pennuille sopiva.<\/p>\n\n\n\n<p>Elina Riipi<\/p>\n","protected":false},"excerpt":{"rendered":"<p>Keyword-kennelnimen takaa l\u00f6ytyy \u00a0Siuntiossa asuva koiraharrastaja, jonka lis\u00e4ksi talouteen kuuluu miehen lis\u00e4ksi kolme sile\u00e4karvaista collieta, joista enemm\u00e4n niiden omilta sivuilta.\u00a0Omaan historiaani kuuluu koirien lis\u00e4ksi jonkin verran hevostoimintaa pohjoisessa asuessani, kiinnostus j\u00e4rjest\u00f6- ja kilpailutoimintaan j\u00e4i niilt\u00e4[&#8230;]<\/p>\n","protected":false},"author":1,"featured_media":0,"parent":0,"menu_order":0,"comment_status":"closed","ping_status":"closed","template":"","meta":{"ngg_post_thumbnail":0,"footnotes":""},"class_list":["post-2","page","type-page","status-publish","hentry"],"_links":{"self":[{"href":"https:\/\/kennelkeyword.net\/index.php?rest_route=\/wp\/v2\/pages\/2","targetHints":{"allow":["GET"]}}],"collection":[{"href":"https:\/\/kennelkeyword.net\/index.php?rest_route=\/wp\/v2\/pages"}],"about":[{"href":"https:\/\/kennelkeyword.net\/index.php?rest_route=\/wp\/v2\/types\/page"}],"author":[{"embeddable":true,"href":"https:\/\/kennelkeyword.net\/index.php?rest_route=\/wp\/v2\/users\/1"}],"replies":[{"embeddable":true,"href":"https:\/\/kennelkeyword.net\/index.php?rest_route=%2Fwp%2Fv2%2Fcomments&post=2"}],"version-history":[{"count":17,"href":"https:\/\/kennelkeyword.net\/index.php?rest_route=\/wp\/v2\/pages\/2\/revisions"}],"predecessor-version":[{"id":3068,"href":"https:\/\/kennelkeyword.net\/index.php?rest_route=\/wp\/v2\/pages\/2\/revisions\/3068"}],"wp:attachment":[{"href":"https:\/\/kennelkeyword.net\/index.php?rest_route=%2Fwp%2Fv2%2Fmedia&parent=2"}],"curies":[{"name":"wp","href":"https:\/\/api.w.org\/{rel}","templated":true}]}}