{"id":1162,"date":"2015-04-13T13:28:50","date_gmt":"2015-04-13T10:28:50","guid":{"rendered":"http:\/\/kennelkeyword.net\/?page_id=1162"},"modified":"2015-10-20T08:59:27","modified_gmt":"2015-10-20T05:59:27","slug":"tenhon-arvosteluja","status":"publish","type":"page","link":"https:\/\/kennelkeyword.net\/?page_id=1162","title":{"rendered":"Tenhon arvosteluja"},"content":{"rendered":"<h2>N\u00e4yttelyarvostelut<b><\/b><\/h2>\n<p><strong>29.8.2015 Tervakoski INT<br \/>\n<\/strong>Arvostelu: &#8221;2,5 years old. Could have a more balanced with the head and the body which could be more elegant. Sweet and lovely expression. Ears are a little too wide set. Lovely eyes. Good stop, muzzle and bite. Very strong neck. Good topline and tail. Correct angulated in front and rear. Lovely coat and colour. Nice temperament. Acceptable movements. &#8221;<br \/>\nVAL ERI 3 (tuomari: Michael Laub, Tanska)<\/p>\n<p><strong>26.7.2015 Helsinki INT, (Eukanuba Summer Show)<\/strong><br \/>\nArvostelu: &#8221;2v. erinomainen koko. Hyv\u00e4 sukupuolileima. P\u00e4\u00e4nlinjat saisi olla suoremmat. Hieman ky\u00f6my kuono. Kallo ei saa tulla leve\u00e4mm\u00e4ksi. Korvat ok. Kaula liittyy hyvin lapoihin. Hyv\u00e4 kaula, riitt\u00e4v\u00e4 eturinta. Voimakas runko. Alalinja voisi olla parempi. Hyvin kulmautunut takaosa. Sopiva luusto. Hyv\u00e4 karva. Liikkuu hyvin.&#8221;<br \/>\nVAL ERI2 SA PU4 (tuomari: Rune Fagerstr\u00f6m)<\/p>\n<p><img loading=\"lazy\" decoding=\"async\" class=\"alignnone size-medium wp-image-1439\" src=\"http:\/\/kennelkeyword.net\/wp-content\/uploads\/2015\/04\/Tenho_HKIkv26072015_JLahtinen-300x200.jpg\" alt=\"Tenho_HKIkv26072015_JLahtinen\" width=\"300\" height=\"200\" srcset=\"https:\/\/kennelkeyword.net\/wp-content\/uploads\/2015\/04\/Tenho_HKIkv26072015_JLahtinen-300x200.jpg 300w, https:\/\/kennelkeyword.net\/wp-content\/uploads\/2015\/04\/Tenho_HKIkv26072015_JLahtinen-150x100.jpg 150w, https:\/\/kennelkeyword.net\/wp-content\/uploads\/2015\/04\/Tenho_HKIkv26072015_JLahtinen-1024x683.jpg 1024w, https:\/\/kennelkeyword.net\/wp-content\/uploads\/2015\/04\/Tenho_HKIkv26072015_JLahtinen.jpg 2048w\" sizes=\"auto, (max-width: 300px) 100vw, 300px\" \/><\/p>\n<p><b>5.4.2015 Tukholma INT, Ruotsi (SEV-15)<br \/>\n<\/b>Arvostelu: \u201dUtm\u00e4rkt typ o storlek. Gott skuret huvud, fr\u00e5nsett ngt svagt stop. Korr \u00f6ron. God hals o b\u00e5l, kors, l\u00e4nd o benstomme. Tillr\u00e4ckligt vinklad. Mkt effektiva r\u00f6relser. G\u00f6d p\u00e4ls o f\u00e4rg.\u201d<br \/>\nVAL ERI1 CK, PU3 SERT resCACIB (tuomari: Ralf Campbell, Norja)<\/p>\n<p><a href=\"http:\/\/kennelkeyword.net\/wp-content\/uploads\/2015\/04\/IMG_1561_2.jpg\"><img loading=\"lazy\" decoding=\"async\" class=\"alignnone size-medium wp-image-1147\" src=\"http:\/\/kennelkeyword.net\/wp-content\/uploads\/2015\/04\/IMG_1561_2-240x300.jpg\" alt=\"IMG_1561_2\" width=\"240\" height=\"300\" srcset=\"https:\/\/kennelkeyword.net\/wp-content\/uploads\/2015\/04\/IMG_1561_2-240x300.jpg 240w, https:\/\/kennelkeyword.net\/wp-content\/uploads\/2015\/04\/IMG_1561_2-120x150.jpg 120w, https:\/\/kennelkeyword.net\/wp-content\/uploads\/2015\/04\/IMG_1561_2.jpg 800w\" sizes=\"auto, (max-width: 240px) 100vw, 240px\" \/><\/a><\/p>\n<p><b>1.3.2015 Tallinna KR, Viro<br \/>\n<\/b>Arvostelu: &#8221;2 years, beautiful head, correct ears, nice neck and topline, a little short in croup, excellent body, a little short upperarm, well angulated front &amp; rear, moves well, correct coat&#8221;<br \/>\nAVO ERI1 SA PU2 SERT -&gt; MVA (tuomari: Kim Vigso Nielsen)<\/p>\n<p><b>28.2.2015 Tallinna KR, Viro<br \/>\n<\/b>Arvostelu: &#8221;Good size and good format, typical male, nice head, little small eyes, very good front, good long chestbone, little short and down croup, good topline and angulation behind and movement. good behaviour &amp; presentation&#8221;<br \/>\nAVO ERI1 SA PU2 SERT (tuomari: Galyna Kalinichenko)<\/p>\n<p><img loading=\"lazy\" decoding=\"async\" class=\"size-medium wp-image-1069 alignnone\" src=\"http:\/\/kennelkeyword.net\/wp-content\/uploads\/2015\/03\/IMG_0314-300x200.jpg\" alt=\"IMG_0314\" width=\"300\" height=\"200\" srcset=\"https:\/\/kennelkeyword.net\/wp-content\/uploads\/2015\/03\/IMG_0314-300x200.jpg 300w, https:\/\/kennelkeyword.net\/wp-content\/uploads\/2015\/03\/IMG_0314-150x100.jpg 150w, https:\/\/kennelkeyword.net\/wp-content\/uploads\/2015\/03\/IMG_0314-1024x683.jpg 1024w, https:\/\/kennelkeyword.net\/wp-content\/uploads\/2015\/03\/IMG_0314.jpg 1200w\" sizes=\"auto, (max-width: 300px) 100vw, 300px\" \/><\/p>\n<p><b>24.1.2015 Turku KV<br \/>\n<\/b>Arvostelu: &#8221;Hyv\u00e4t mittasuhteet, hyv\u00e4 p\u00e4\u00e4n pit. ja vahvuus, mutta alaleuka on kevyt. Otsapenger saisi olla selvempi. Hyvin taittuneet, hieman haja-asentoiset korvat. Hyv\u00e4 rintakeh\u00e4 ja eturinta. Pysty olkavarsi. Hyv\u00e4t takaosan kulmaukset. Lyhyt, jyrkk\u00e4 lantio. Taka-askeleessa tulisi olla enemm\u00e4n voimaa ja ulottuvuutta. Hyv\u00e4 karva ja k\u00e4yt\u00f6s&#8221;<br \/>\nAVO ERI3 (tuomari: Leila K\u00e4rk\u00e4s)<\/p>\n<p><b>10.1.2015 Kajaani KV<br \/>\n<\/b>Arvostelu: &#8221;J\u00e4ntev\u00e4 mittasuht. hyv\u00e4 uros, jolla saisi olla ulottuvampi kaula ja paremmat korvat. Voimakkaasti s\u00e4vyttynyt soopeli. J\u00e4m\u00e4kk\u00e4 runko. Kohtuulliset takakulmaukset. Etuosa saisi olla kulmautuneempi. Otsapenkereen tulisi olla merkatumpi. Pitk\u00e4 kuonoinen vaikutelma. Liikkuu sujuvasti takaa. Aika kiireinen askellus. Tarpeeksi ulottuvuutta askeleessa. Toivoisin linjakkaamman hienostonuummen yleisvaikutelman. Esitet\u00e4\u00e4n hienosti, hyv\u00e4ss\u00e4 lihaskunnossa.&#8221;<br \/>\nAVO H (tuomari: Elena Ruskovaara)<\/p>\n<p><b>8.11.2014 Jyv\u00e4skyl\u00e4 KV<br \/>\n<\/b>Arvostelu: &#8221;medium size. good balance. very good skull. could carry the ears higher. narrow underjaw. very good neck. topline is strong, but could be little straighter. steep croup. good angulations in the knee. excellent body. needs better angulation and stronger front. excellent coat and muscles. good reach in front. needs longer and stronger hindmovements. excellent temperament&#8221;<br \/>\nNUO EH2 (tuomari: Paul Stanton, Ruotsi)<\/p>\n<p><b>4.10.2014 Tuulos RN<br \/>\n<\/b>Arvostelu liian hyv\u00e4ss\u00e4 tallessa&#8230;<br \/>\nNUO EH3 (tuomari: Helina Simberg, Viro)<\/p>\n<p><b>16.8.2014 Raisio KR<\/b><br \/>\nArvostelu: &#8221;Selv\u00e4n sukupuolileiman omaava uros. Hyv\u00e4 runko, sopiva luusto. Hyv\u00e4t mittasuhteet. Hyvin taittuvat korvat. Otsapengert\u00e4 voisi olla hieman enemm\u00e4n. Saisi olla paremmin kulmautunut edest\u00e4 ja takaa. Turhan jyrkk\u00e4 lantio. Hyv\u00e4t etu- ja takaliikkeet, mutta sivussa saisi olla ulottuvuutta enemm\u00e4n.&#8221;<br \/>\nNUO ERI2 (tuomari: Pirjo Aaltonen)<\/p>\n<p><b>26.7.2014 Porvoo RN<br \/>\n<\/b>Arvostelu: &#8221;19kk vanha, tyylik\u00e4s, mittasuhteiltaan tyypillinen uros. P\u00e4\u00e4n linjat voisivat olla yhdensuuntaisemmat. Leikkaava purenta. Kauniit korvat. Oikeanmuotoiset, hieman vaaleat silm\u00e4t. Erinom. rintakeh\u00e4n muoto. Riitt\u00e4v\u00e4 eturinta. Kokoon sopiva luusto. Hieman jyrkk\u00e4 lantio. Hyv\u00e4 h\u00e4nn\u00e4n pituus. Erinom. takakulm. edess\u00e4 voisi olla hieman voimakkaammat. Erinom. lihaskunto. Hyv\u00e4 karvapeitteen laatu. Liikkuu erinom. edestakaisin, takaliike sivulta voisi olla viel\u00e4kin tehokkaampi&#8221;<br \/>\nNUO ERI1 (tuomari: Nina Janger)<\/p>\n<p><b>8.6.2014 Lohja RN<br \/>\n<\/b>Arvostelu: &#8221;Hyv\u00e4 rotutyyppi ja mittasuhteet. Oikea p\u00e4\u00e4n pituus, otsapenger voisi olla selvempi. Silm\u00e4t voisivat olla suuremmat. Erinomainen raajarakenne ja kulmaukset. Hyv\u00e4 luuston vahvuus. Liikkuu hyv\u00e4ll\u00e4 askelpituudella hieman kerien edest\u00e4. Ryhdik\u00e4s olemus.&#8221;<br \/>\nNUO ERI2 (tuomari: Tarja L\u00f6fman)<\/p>\n<p><b>7.6.2014 Turku ER<br \/>\n<\/b>Arvostelu: \u201dShaded sable of quite good size. Quite a pleasing head but needs much more stop and better head planes. Quite good bone and moved freely. Just needs more time to mature.\u201d<br \/>\nNUO EH4. (tuomari: Carole Smedley, GB)<\/p>\n<p><img loading=\"lazy\" decoding=\"async\" class=\"alignnone size-medium wp-image-1437\" src=\"http:\/\/kennelkeyword.net\/wp-content\/uploads\/2015\/04\/IMG_8817-300x200.jpg\" alt=\"IMG_8817\" width=\"300\" height=\"200\" srcset=\"https:\/\/kennelkeyword.net\/wp-content\/uploads\/2015\/04\/IMG_8817-300x200.jpg 300w, https:\/\/kennelkeyword.net\/wp-content\/uploads\/2015\/04\/IMG_8817-150x100.jpg 150w, https:\/\/kennelkeyword.net\/wp-content\/uploads\/2015\/04\/IMG_8817.jpg 900w\" sizes=\"auto, (max-width: 300px) 100vw, 300px\" \/><\/p>\n<p><b>1.6.2014 Tallinna INT, Viro (EstW&#8217;14)<br \/>\n<\/b>Arvostelu: \u201dGood size. Masculin head. Keen expression. Beautiful muscular dog. Strong topline. Balanced angulation. Moved a little wide going away and coming back but quite true going around.\u201d<br \/>\nNUO ERI1 SA PU1 SERT CACIB VSP -&gt; EEV-14 (tuomari: Lesley Chalmers, New Zealand)<\/p>\n<p><img loading=\"lazy\" decoding=\"async\" class=\"alignnone size-medium wp-image-1438\" src=\"http:\/\/kennelkeyword.net\/wp-content\/uploads\/2015\/04\/IMG_8240-300x200.png\" alt=\"IMG_8240\" width=\"300\" height=\"200\" srcset=\"https:\/\/kennelkeyword.net\/wp-content\/uploads\/2015\/04\/IMG_8240-300x200.png 300w, https:\/\/kennelkeyword.net\/wp-content\/uploads\/2015\/04\/IMG_8240-150x100.png 150w, https:\/\/kennelkeyword.net\/wp-content\/uploads\/2015\/04\/IMG_8240.png 900w\" sizes=\"auto, (max-width: 300px) 100vw, 300px\" \/><\/p>\n<p><b>25.5.2014 Salo RN<br \/>\n<\/b>Arvostelu: \u201dMelkohyv\u00e4n tyyppinen rungon mittasuht. sopusuht. uros, jolla hyv\u00e4t p\u00e4\u00e4n sivulinjat. Aatelinen kuono, hieman alaskiinnittyneet korvat. Kaula voisi olla jalompi. Hieman luisu lantio. Hieman lyhyt olkavarsi. Liikkuu sivusta sujuvasti. Hyv\u00e4 karvanlaatu.\u201d<br \/>\nNUO EH3 (tuomari: Kirsti Louhi)<\/p>\n<p><img loading=\"lazy\" decoding=\"async\" class=\"alignnone size-medium wp-image-1432\" src=\"http:\/\/kennelkeyword.net\/wp-content\/uploads\/2015\/04\/IMG_7997-300x200.jpg\" alt=\"IMG_7997\" width=\"300\" height=\"200\" srcset=\"https:\/\/kennelkeyword.net\/wp-content\/uploads\/2015\/04\/IMG_7997-300x200.jpg 300w, https:\/\/kennelkeyword.net\/wp-content\/uploads\/2015\/04\/IMG_7997-150x100.jpg 150w, https:\/\/kennelkeyword.net\/wp-content\/uploads\/2015\/04\/IMG_7997.jpg 900w\" sizes=\"auto, (max-width: 300px) 100vw, 300px\" \/><\/p>\n<p><b>24.5.2014 J\u00e4rvenp\u00e4\u00e4 KR<br \/>\n<\/b>Arvostelu: \u201d17 months old. All over a very nice dog. Well balanced, with right elegance. Sweet expression. Well placed eyes. Well shaped head. Correct ears. Strong neck. Level topline. Well sprung ribs with very good depth. Well angulated. Well bent stifles. Excellent coat and mover.\u201d<br \/>\nNUO ERI1 SA PU1 SERT VSP (tuomari: Anne-Cathrine Unelsr\u00f6d, Norja)<\/p>\n<p><img loading=\"lazy\" decoding=\"async\" class=\"alignnone size-medium wp-image-1433\" src=\"http:\/\/kennelkeyword.net\/wp-content\/uploads\/2015\/04\/Tenho_jpaa-300x200.jpg\" alt=\"Tenho_jpaa\" width=\"300\" height=\"200\" srcset=\"https:\/\/kennelkeyword.net\/wp-content\/uploads\/2015\/04\/Tenho_jpaa-300x200.jpg 300w, https:\/\/kennelkeyword.net\/wp-content\/uploads\/2015\/04\/Tenho_jpaa-150x100.jpg 150w, https:\/\/kennelkeyword.net\/wp-content\/uploads\/2015\/04\/Tenho_jpaa.jpg 900w\" sizes=\"auto, (max-width: 300px) 100vw, 300px\" \/><\/p>\n<p><b>10.5.2014 Helsinki KV<br \/>\n<\/b>Arvostelu: \u201dTiivis hyv\u00e4ss\u00e4 lihaskunnossa oleva uros, jonka p\u00e4\u00e4n yl\u00e4linjat saivat olla yhdensuuntaisemmat ja otsapenger selvempi sek\u00e4 silm\u00e4t tummemmat. Hyvin taittuvat haja-asentoiset korvat. Hyv\u00e4 kaula ja yl\u00e4linja. Niukasti kulm. edest\u00e4. Riitt\u00e4v\u00e4sti takaa. Liikkuu lyhyell\u00e4 askeleella. Hyv\u00e4 karva ja k\u00e4yt\u00f6s.\u201d<br \/>\nNUO EH3 (tuomari: Leila K\u00e4rk\u00e4s)<\/p>\n<p><b>19.4.2014 Imatra KV<br \/>\n<\/b>Arvostelu: \u201dGood type, very well balanced. Good bone. Well shaped head. Excellent eye shape. Ear could be higher set. Enough neck. Strong topline. Well developed chest. Well balanced angulation. Typical free movement. Excellent coat and color.\u201d<br \/>\nNUO ERI1 SA PU4 VARASERT resCACIB (tuomari: Myrna Shiboleth, Israel)<\/p>\n<p><img loading=\"lazy\" decoding=\"async\" class=\"alignnone size-medium wp-image-1434\" src=\"http:\/\/kennelkeyword.net\/wp-content\/uploads\/2015\/04\/Untitled-3-300x200.jpg\" alt=\"Untitled-3\" width=\"300\" height=\"200\" srcset=\"https:\/\/kennelkeyword.net\/wp-content\/uploads\/2015\/04\/Untitled-3-300x200.jpg 300w, https:\/\/kennelkeyword.net\/wp-content\/uploads\/2015\/04\/Untitled-3-150x100.jpg 150w, https:\/\/kennelkeyword.net\/wp-content\/uploads\/2015\/04\/Untitled-3.jpg 600w\" sizes=\"auto, (max-width: 300px) 100vw, 300px\" \/><\/p>\n<p><b>12.1.2014 Lahti RN<br \/>\n<\/b>Arvostelu: \u201cKooltaan ja mittasuhteiltaan erinomainen uros, jolla hyv\u00e4 p\u00e4\u00e4n kiila. Alaleuka saisi olla hieman voimakkaampi. Hieman putoava kuonolinja ja pitk\u00e4 otsapenger. Hyv\u00e4t silm\u00e4t. Hieman haja-asentoiset korvat. Hyv\u00e4 kaula ja yl\u00e4linja. Hyv\u00e4 eturinta ja runko. Pysty olkavarsi. Riitt\u00e4v\u00e4t takakulmaukset. Hyv\u00e4 karvapeite. Liikkuu hieman lyhyell\u00e4 askeleella, muuten eritt\u00e4in hyvin.\u201d<br \/>\nJUN EH1 (tuomari: Hilkka Salohalla)<\/p>\n<p><b>15.12.2013 Helsinki KV<br \/>\n<\/b>Arvostelu: \u201dJust a little long in body. Not so masculine in head. Not the perfect parallelism. He needs stronger underjaw. A little lateral ear set, quite good carriage. Needs more definite stop. Sufficient neck, good topline. Just a little straight in shoulders, correct angulation on the rear. Sufficient bone. Correct in movement\u201d<br \/>\nJUN EH (tuomari: Anna Albrigo, Italia)<\/p>\n<p><img loading=\"lazy\" decoding=\"async\" class=\"alignnone size-medium wp-image-1436\" src=\"http:\/\/kennelkeyword.net\/wp-content\/uploads\/2015\/04\/IMG_3288-300x200.jpg\" alt=\"IMG_3288\" width=\"300\" height=\"200\" srcset=\"https:\/\/kennelkeyword.net\/wp-content\/uploads\/2015\/04\/IMG_3288-300x200.jpg 300w, https:\/\/kennelkeyword.net\/wp-content\/uploads\/2015\/04\/IMG_3288-150x100.jpg 150w, https:\/\/kennelkeyword.net\/wp-content\/uploads\/2015\/04\/IMG_3288.jpg 750w\" sizes=\"auto, (max-width: 300px) 100vw, 300px\" \/><\/p>\n<p><b>3.11.2013 Herning INT, Tanska<br \/>\n<\/b>Arvostelu: &#8221;11 months, nice type masculine expression, nice head w\/good eyes o ears, could have more underjaw, nicely balanced w\/good bone o nice topline, nice harsh coat. moves very well&#8221;<br \/>\nJUN ERI1 (tuomari A.M Beenen-Sluyters, Belgia)<\/p>\n<p><b>2.11.2013 Herning INT, Tanska<br \/>\n<\/b>Arvostelu: &#8221;nicely made sable, quite a pleasing head but would prefer more stop and slightly better eyeplacement, good neck and shoulders, just need to tighten in front movement, but moved freely in profile&#8221;<br \/>\nJUN ERI1 (tuomari: Carole Smedley, GB)<\/p>\n<p><b>26.10.2013 Lahti KV<br \/>\n<\/b>Arvostelu: \u201dKaunislinjainen, sopivan kokoinen uros. Hyv\u00e4 p\u00e4\u00e4tyyppi, joskin otsapenger saisi olla hieman selvempi. Kaunis kaula ja tasainen yl\u00e4linja. Sopiva luusto, hyv\u00e4t raajat ja kulmaukset. Eritt\u00e4in hyv\u00e4t liikkeet. Miellytt\u00e4v\u00e4 k\u00e4yt\u00f6s.\u201d<br \/>\nJUN ERI2 SA (tuomari: Hans Lehtinen)<\/p>\n<p><b>5.10.2013 H\u00e4meenlinna RN<br \/>\n<\/b>Arvostelu: \u201dHyv\u00e4 koko ja mittasuhteet. hyv\u00e4 luusto. hyv\u00e4 p\u00e4\u00e4, mutta alaleuka saisi olla vahvempi ja otsapenger selvempi. hieman pienet ja syv\u00e4ll\u00e4 olevat silm\u00e4t. hieman kevyet korvat. vahva kaula. hyv\u00e4 selk\u00e4linja. jyrkk\u00e4 lantio. lyhyt olkavarsi. yhdensuuntaiset vapaat liikkeet.\u201d<br \/>\nJUN ERI2 (tuomari: Astrid Lundava, Viro)<\/p>\n<p>&nbsp;<\/p>\n<p><b><span style=\"text-decoration: underline;\">Pentun\u00e4yttelyt<\/span><\/b><\/p>\n<p><b>18.8.2013 Turku PN<br \/>\n<\/b>Arvostelu: &#8221;Kaunislinjainen erinomaisen tyyppinen urospentu. Hyv\u00e4 purenta ja pigmentti. Oikeanpituinen p\u00e4\u00e4 jossa hyv\u00e4t linjat. Kuono-osa saa viel\u00e4 t\u00e4ytty\u00e4. Riitt\u00e4v\u00e4sti kulmautunut edest\u00e4, hyvin takaa. Kaunis kaulan kaari ja yl\u00e4linja. Viel\u00e4 kapea rintakeh\u00e4. Liikkuu reippaalla riitt\u00e4v\u00e4n yhdensuuntaisella askeleella ja esiintyy kauniisti. Hyv\u00e4 karvanlaatu ja v\u00e4ritys.&#8221;<br \/>\nPEN (7-9kk) PEK1 KP ROP-pentu<\/p>\n<p><b>3.8.2013 Helsinki PN<br \/>\n<\/b>Arvostelu: &#8221;Keskivahva, hyvin kehittynyt, suoraan katsottuna ihanteellinen p\u00e4\u00e4n kiila, sivusta t\u00e4ss\u00e4 vaiheessa hieman laskeva kallo ja hieman pitk\u00e4 otsapenger, hyv\u00e4 alaleuka, hieman py\u00f6ristynyt kuono, kauniit silm\u00e4t, hyvin k\u00e4ytetyt korvat, hyv\u00e4 ryhti ja rungonpituus, ik\u00e4isekseen hyvin kehittynyt rintakeh\u00e4, viisto lapa, hieman pysty olkavarsi, hyvin kulmautunut takaa, liikkuu keskipitk\u00e4ll\u00e4 askeleella ja j\u00e4ntev\u00e4sti.&#8221;<br \/>\nPEN (7-9kk) PEK1 KP VSP-pentu<\/p>\n<p><b>5.7. &amp; 7.7.2013 P\u00e4rnu, Viro<\/b><br \/>\nKaksi pentuluokan n\u00e4yttely\u00e4 P\u00e4rnussa Virossa, toisen arvostelu Ven\u00e4j\u00e4ksi ja toinen hukassa&#8230;<br \/>\npe: ROP-pentu &amp; BIS-pentu<br \/>\nsu: ROP-pentu<\/p>\n<p><img loading=\"lazy\" decoding=\"async\" class=\"alignnone size-medium wp-image-1435\" src=\"http:\/\/kennelkeyword.net\/wp-content\/uploads\/2015\/04\/DSCN0203-300x200.jpg\" alt=\"DSCN0203\" width=\"300\" height=\"200\" srcset=\"https:\/\/kennelkeyword.net\/wp-content\/uploads\/2015\/04\/DSCN0203-300x200.jpg 300w, https:\/\/kennelkeyword.net\/wp-content\/uploads\/2015\/04\/DSCN0203-150x100.jpg 150w, https:\/\/kennelkeyword.net\/wp-content\/uploads\/2015\/04\/DSCN0203.jpg 750w\" sizes=\"auto, (max-width: 300px) 100vw, 300px\" \/><\/p>\n<p><b>19.5.2013 Lahti PN<br \/>\n<\/b>Arvostelu: &#8221;5kk kauttaaltaan kapea urospentu, jolle toivoisin paremman sukupuolileiman, p\u00e4\u00e4n linjat eiv\u00e4t viel\u00e4 t\u00e4ysin yhdensuuntaiset, niukka otsapenger, kevyet korvat, purenta ok, alaleuka saisi voimistua, toivoisin pidemm\u00e4n kaulan ja paremmin kulmautuneen etuosan, kevyt runko ja rintakeh\u00e4, riitt\u00e4v\u00e4t takakulmaukset, hyv\u00e4 h\u00e4nt\u00e4, liikkuu vaivattomalla riitt\u00e4v\u00e4ll\u00e4 askeleella, hyv\u00e4 v\u00e4ri ja karvanlaatu&#8221;<br \/>\nPEN (5-7kk) PEK1 (tuomari: Maija Sylgren)<\/p>\n<p>&nbsp;<\/p>\n","protected":false},"excerpt":{"rendered":"<p>N\u00e4yttelyarvostelut 29.8.2015 Tervakoski INT Arvostelu: &#8221;2,5 years old. Could have a more balanced with the head and the body which could be more elegant. Sweet and lovely expression. Ears are a little too wide set.[&#8230;]<\/p>\n","protected":false},"author":1,"featured_media":1147,"parent":50,"menu_order":0,"comment_status":"closed","ping_status":"closed","template":"","meta":{"ngg_post_thumbnail":0,"footnotes":""},"class_list":["post-1162","page","type-page","status-publish","has-post-thumbnail","hentry"],"_links":{"self":[{"href":"https:\/\/kennelkeyword.net\/index.php?rest_route=\/wp\/v2\/pages\/1162","targetHints":{"allow":["GET"]}}],"collection":[{"href":"https:\/\/kennelkeyword.net\/index.php?rest_route=\/wp\/v2\/pages"}],"about":[{"href":"https:\/\/kennelkeyword.net\/index.php?rest_route=\/wp\/v2\/types\/page"}],"author":[{"embeddable":true,"href":"https:\/\/kennelkeyword.net\/index.php?rest_route=\/wp\/v2\/users\/1"}],"replies":[{"embeddable":true,"href":"https:\/\/kennelkeyword.net\/index.php?rest_route=%2Fwp%2Fv2%2Fcomments&post=1162"}],"version-history":[{"count":6,"href":"https:\/\/kennelkeyword.net\/index.php?rest_route=\/wp\/v2\/pages\/1162\/revisions"}],"predecessor-version":[{"id":1441,"href":"https:\/\/kennelkeyword.net\/index.php?rest_route=\/wp\/v2\/pages\/1162\/revisions\/1441"}],"up":[{"embeddable":true,"href":"https:\/\/kennelkeyword.net\/index.php?rest_route=\/wp\/v2\/pages\/50"}],"wp:featuredmedia":[{"embeddable":true,"href":"https:\/\/kennelkeyword.net\/index.php?rest_route=\/wp\/v2\/media\/1147"}],"wp:attachment":[{"href":"https:\/\/kennelkeyword.net\/index.php?rest_route=%2Fwp%2Fv2%2Fmedia&parent=1162"}],"curies":[{"name":"wp","href":"https:\/\/api.w.org\/{rel}","templated":true}]}}